{"id":1859,"date":"2018-11-19T10:58:35","date_gmt":"2018-11-19T09:58:35","guid":{"rendered":"https:\/\/phiessences.com\/Romania\/?post_type=product&#038;p=1859"},"modified":"2026-01-02T16:01:33","modified_gmt":"2026-01-02T14:01:33","slug":"ibex-ibex","status":"publish","type":"product","link":"https:\/\/esentevibrationale.com\/?product=ibex-ibex","title":{"rendered":"Ibex \/ Ibex"},"content":{"rendered":"<p><strong>(Capra ibex)<\/strong><\/p>\n<p>Ne ajut\u0103 s\u0103 ne deschidem inimile la noi \u00een\u015fine \u015fi pentru al\u0163ii, \u00een timp ce reduce temerile noastre. Ac\u0163ioneaz\u0103 asupra Chakrelor a treia \u015fi a patra. Dup\u0103 cum vom dezvolta toleran\u0163a \u015fi caldura autentic\u0103, astfel se l\u0103rge\u015fte perspectiva noastr\u0103, noi avem bucurie, tandre\u0163e \u015fi abunden\u0163\u01ce. Vom avansa dincolo de sentimentele de lips\u01ce, pierderi sau insuficien\u0163\u0103 \u015fi ne \u00eenva\u0163\u0103 s\u0103 ne bucur\u0103m mai u\u015for de bunurile materiale.<\/p>\n","protected":false},"excerpt":{"rendered":"<p>(Capra ibex) Ne ajut\u0103 s\u0103 ne deschidem inimile la noi \u00een\u015fine \u015fi pentru al\u0163ii, \u00een timp ce reduce temerile noastre. Ac\u0163ioneaz\u0103 asupra Chakrelor a treia \u015fi a patra. Dup\u0103 cum vom dezvolta toleran\u0163a \u015fi caldura autentic\u0103, astfel se l\u0103rge\u015fte perspectiva noastr\u0103, noi avem bucurie, tandre\u0163e \u015fi abunden\u0163\u01ce. Vom avansa dincolo de sentimentele de lips\u01ce, pierderi &hellip; <a href=\"https:\/\/esentevibrationale.com\/?product=ibex-ibex\" class=\"more-link\">Continu\u0103 lectura <span class=\"screen-reader-text\">Ibex \/ Ibex<\/span> <span class=\"meta-nav\">&rarr;<\/span><\/a><\/p>\n","protected":false},"featured_media":1862,"template":"","meta":[],"product_brand":[],"product_cat":[48],"product_tag":[],"class_list":{"0":"post-1859","1":"product","2":"type-product","3":"status-publish","4":"has-post-thumbnail","6":"product_cat-esente-de-animale-europene","7":"pa_size-15ml","8":"pa_size-30ml","10":"first","11":"instock","12":"shipping-taxable","13":"purchasable","14":"product-type-variable","15":"has-default-attributes"},"_links":{"self":[{"href":"https:\/\/esentevibrationale.com\/index.php?rest_route=\/wp\/v2\/product\/1859","targetHints":{"allow":["GET"]}}],"collection":[{"href":"https:\/\/esentevibrationale.com\/index.php?rest_route=\/wp\/v2\/product"}],"about":[{"href":"https:\/\/esentevibrationale.com\/index.php?rest_route=\/wp\/v2\/types\/product"}],"wp:featuredmedia":[{"embeddable":true,"href":"https:\/\/esentevibrationale.com\/index.php?rest_route=\/wp\/v2\/media\/1862"}],"wp:attachment":[{"href":"https:\/\/esentevibrationale.com\/index.php?rest_route=%2Fwp%2Fv2%2Fmedia&parent=1859"}],"wp:term":[{"taxonomy":"product_brand","embeddable":true,"href":"https:\/\/esentevibrationale.com\/index.php?rest_route=%2Fwp%2Fv2%2Fproduct_brand&post=1859"},{"taxonomy":"product_cat","embeddable":true,"href":"https:\/\/esentevibrationale.com\/index.php?rest_route=%2Fwp%2Fv2%2Fproduct_cat&post=1859"},{"taxonomy":"product_tag","embeddable":true,"href":"https:\/\/esentevibrationale.com\/index.php?rest_route=%2Fwp%2Fv2%2Fproduct_tag&post=1859"}],"curies":[{"name":"wp","href":"https:\/\/api.w.org\/{rel}","templated":true}]}}