{"id":1863,"date":"2018-11-19T11:01:47","date_gmt":"2018-11-19T10:01:47","guid":{"rendered":"https:\/\/phiessences.com\/Romania\/?post_type=product&#038;p=1863"},"modified":"2026-01-02T16:11:10","modified_gmt":"2026-01-02T14:11:10","slug":"stork-barza","status":"publish","type":"product","link":"https:\/\/esentevibrationale.com\/?product=stork-barza","title":{"rendered":"Stork \/ Barz\u0103"},"content":{"rendered":"<p><strong>(Ciconia ciconia) <\/strong><\/p>\n<p>Elibereaz\u0103 tensiunea \u015fi stresul, astfel \u00eenc\u00e2t ne centreaz\u0103 \u015fi ne relaxeaz\u0103, at\u00e2t fizic, c\u00e2t \u015fi mintal. Ne ajut\u0103 s\u0103 lu\u0103m o perspectiva noua, mai u\u015foar\u0103 asupra a ce este \u015fi ne deranjeaz\u0103. Ne permite s\u0103 activ\u0103m copilul nostru interior, s\u0103 redescoperim perspectiva sa luminoas\u0103, vesel\u0103, astfel \u00eenc\u00e2t vedem lucrurile \u00eentr-un mod nou.<\/p>\n","protected":false},"excerpt":{"rendered":"<p>(Ciconia ciconia) Elibereaz\u0103 tensiunea \u015fi stresul, astfel \u00eenc\u00e2t ne centreaz\u0103 \u015fi ne relaxeaz\u0103, at\u00e2t fizic, c\u00e2t \u015fi mintal. Ne ajut\u0103 s\u0103 lu\u0103m o perspectiva noua, mai u\u015foar\u0103 asupra a ce este \u015fi ne deranjeaz\u0103. Ne permite s\u0103 activ\u0103m copilul nostru interior, s\u0103 redescoperim perspectiva sa luminoas\u0103, vesel\u0103, astfel \u00eenc\u00e2t vedem lucrurile \u00eentr-un mod nou.<\/p>\n","protected":false},"featured_media":1866,"template":"","meta":[],"product_brand":[],"product_cat":[48],"product_tag":[],"class_list":{"0":"post-1863","1":"product","2":"type-product","3":"status-publish","4":"has-post-thumbnail","6":"product_cat-esente-de-animale-europene","7":"pa_size-15ml","8":"pa_size-30ml","10":"first","11":"instock","12":"shipping-taxable","13":"purchasable","14":"product-type-variable","15":"has-default-attributes"},"_links":{"self":[{"href":"https:\/\/esentevibrationale.com\/index.php?rest_route=\/wp\/v2\/product\/1863","targetHints":{"allow":["GET"]}}],"collection":[{"href":"https:\/\/esentevibrationale.com\/index.php?rest_route=\/wp\/v2\/product"}],"about":[{"href":"https:\/\/esentevibrationale.com\/index.php?rest_route=\/wp\/v2\/types\/product"}],"wp:featuredmedia":[{"embeddable":true,"href":"https:\/\/esentevibrationale.com\/index.php?rest_route=\/wp\/v2\/media\/1866"}],"wp:attachment":[{"href":"https:\/\/esentevibrationale.com\/index.php?rest_route=%2Fwp%2Fv2%2Fmedia&parent=1863"}],"wp:term":[{"taxonomy":"product_brand","embeddable":true,"href":"https:\/\/esentevibrationale.com\/index.php?rest_route=%2Fwp%2Fv2%2Fproduct_brand&post=1863"},{"taxonomy":"product_cat","embeddable":true,"href":"https:\/\/esentevibrationale.com\/index.php?rest_route=%2Fwp%2Fv2%2Fproduct_cat&post=1863"},{"taxonomy":"product_tag","embeddable":true,"href":"https:\/\/esentevibrationale.com\/index.php?rest_route=%2Fwp%2Fv2%2Fproduct_tag&post=1863"}],"curies":[{"name":"wp","href":"https:\/\/api.w.org\/{rel}","templated":true}]}}