{"id":1867,"date":"2018-11-19T11:12:26","date_gmt":"2018-11-19T10:12:26","guid":{"rendered":"https:\/\/phiessences.com\/Romania\/?post_type=product&#038;p=1867"},"modified":"2026-01-02T15:48:26","modified_gmt":"2026-01-02T13:48:26","slug":"eagle-owl-bufnita-mare","status":"publish","type":"product","link":"https:\/\/esentevibrationale.com\/?product=eagle-owl-bufnita-mare","title":{"rendered":"Eagle Owl \/ Bufni\u0163a Mare"},"content":{"rendered":"<p><strong>(Bubo bubo) <\/strong><\/p>\n<p>Aceast\u0103 esen\u0163\u0103 \u00eent\u0103re\u015fte capacitatea noastr\u0103 de discern\u0103m\u00e2nt, permi\u0163\u00e2ndu-ne s\u0103 judec\u0103m ce e &#8222;Drept&#8221; din &#8222;Gre\u015fit&#8221; \u015fi s\u0103 evalu\u0103m oamenii sau influen\u0163ele, care sunt cele mai bune pentru noi. Aceasta \u00eei poate ajut\u0103 pe cei \u00een necaz, care \u015fi-au pierdut drumul lor \u015fi au nevoie de ajutor pentru a g\u0103si Lumina. De asemenea, cur\u0103\u0163\u0103 mintea de g\u00e2ndurile negative.<\/p>\n","protected":false},"excerpt":{"rendered":"<p>(Bubo bubo) Aceast\u0103 esen\u0163\u0103 \u00eent\u0103re\u015fte capacitatea noastr\u0103 de discern\u0103m\u00e2nt, permi\u0163\u00e2ndu-ne s\u0103 judec\u0103m ce e &#8222;Drept&#8221; din &#8222;Gre\u015fit&#8221; \u015fi s\u0103 evalu\u0103m oamenii sau influen\u0163ele, care sunt cele mai bune pentru noi. Aceasta \u00eei poate ajut\u0103 pe cei \u00een necaz, care \u015fi-au pierdut drumul lor \u015fi au nevoie de ajutor pentru a g\u0103si Lumina. De asemenea, cur\u0103\u0163\u0103 &hellip; <a href=\"https:\/\/esentevibrationale.com\/?product=eagle-owl-bufnita-mare\" class=\"more-link\">Continu\u0103 lectura <span class=\"screen-reader-text\">Eagle Owl \/ Bufni\u0163a Mare<\/span> <span class=\"meta-nav\">&rarr;<\/span><\/a><\/p>\n","protected":false},"featured_media":1870,"template":"","meta":[],"product_brand":[],"product_cat":[48],"product_tag":[],"class_list":{"0":"post-1867","1":"product","2":"type-product","3":"status-publish","4":"has-post-thumbnail","6":"product_cat-esente-de-animale-europene","7":"pa_size-15ml","8":"pa_size-30ml","10":"first","11":"instock","12":"shipping-taxable","13":"purchasable","14":"product-type-variable","15":"has-default-attributes"},"_links":{"self":[{"href":"https:\/\/esentevibrationale.com\/index.php?rest_route=\/wp\/v2\/product\/1867","targetHints":{"allow":["GET"]}}],"collection":[{"href":"https:\/\/esentevibrationale.com\/index.php?rest_route=\/wp\/v2\/product"}],"about":[{"href":"https:\/\/esentevibrationale.com\/index.php?rest_route=\/wp\/v2\/types\/product"}],"wp:featuredmedia":[{"embeddable":true,"href":"https:\/\/esentevibrationale.com\/index.php?rest_route=\/wp\/v2\/media\/1870"}],"wp:attachment":[{"href":"https:\/\/esentevibrationale.com\/index.php?rest_route=%2Fwp%2Fv2%2Fmedia&parent=1867"}],"wp:term":[{"taxonomy":"product_brand","embeddable":true,"href":"https:\/\/esentevibrationale.com\/index.php?rest_route=%2Fwp%2Fv2%2Fproduct_brand&post=1867"},{"taxonomy":"product_cat","embeddable":true,"href":"https:\/\/esentevibrationale.com\/index.php?rest_route=%2Fwp%2Fv2%2Fproduct_cat&post=1867"},{"taxonomy":"product_tag","embeddable":true,"href":"https:\/\/esentevibrationale.com\/index.php?rest_route=%2Fwp%2Fv2%2Fproduct_tag&post=1867"}],"curies":[{"name":"wp","href":"https:\/\/api.w.org\/{rel}","templated":true}]}}