{"id":1875,"date":"2018-11-19T11:24:06","date_gmt":"2018-11-19T10:24:06","guid":{"rendered":"https:\/\/phiessences.com\/Romania\/?post_type=product&#038;p=1875"},"modified":"2026-01-02T16:13:20","modified_gmt":"2026-01-02T14:13:20","slug":"wolf-lup","status":"publish","type":"product","link":"https:\/\/esentevibrationale.com\/?product=wolf-lup","title":{"rendered":"Wolf \/ Lup"},"content":{"rendered":"<p><strong>(Canis lupus) <\/strong><\/p>\n<p>Ascute toate sim\u0163urile noastre, astfel \u00eenc\u00e2t vom fi mult mai aten\u0163i la ceea ce se \u00eent\u00e2mpl\u0103. Ridic\u0103 con\u015ftiin\u0163a noastr\u0103 fa\u0163\u0103 de g\u00e2ndirea celor din jurul nostru \u015fi de dinamica unui grup.<\/p>\n","protected":false},"excerpt":{"rendered":"<p>(Canis lupus) Ascute toate sim\u0163urile noastre, astfel \u00eenc\u00e2t vom fi mult mai aten\u0163i la ceea ce se \u00eent\u00e2mpl\u0103. Ridic\u0103 con\u015ftiin\u0163a noastr\u0103 fa\u0163\u0103 de g\u00e2ndirea celor din jurul nostru \u015fi de dinamica unui grup.<\/p>\n","protected":false},"featured_media":1878,"template":"","meta":[],"product_brand":[],"product_cat":[48],"product_tag":[],"class_list":{"0":"post-1875","1":"product","2":"type-product","3":"status-publish","4":"has-post-thumbnail","6":"product_cat-esente-de-animale-europene","7":"pa_size-15ml","8":"pa_size-30ml","10":"first","11":"instock","12":"shipping-taxable","13":"purchasable","14":"product-type-variable","15":"has-default-attributes"},"_links":{"self":[{"href":"https:\/\/esentevibrationale.com\/index.php?rest_route=\/wp\/v2\/product\/1875","targetHints":{"allow":["GET"]}}],"collection":[{"href":"https:\/\/esentevibrationale.com\/index.php?rest_route=\/wp\/v2\/product"}],"about":[{"href":"https:\/\/esentevibrationale.com\/index.php?rest_route=\/wp\/v2\/types\/product"}],"wp:featuredmedia":[{"embeddable":true,"href":"https:\/\/esentevibrationale.com\/index.php?rest_route=\/wp\/v2\/media\/1878"}],"wp:attachment":[{"href":"https:\/\/esentevibrationale.com\/index.php?rest_route=%2Fwp%2Fv2%2Fmedia&parent=1875"}],"wp:term":[{"taxonomy":"product_brand","embeddable":true,"href":"https:\/\/esentevibrationale.com\/index.php?rest_route=%2Fwp%2Fv2%2Fproduct_brand&post=1875"},{"taxonomy":"product_cat","embeddable":true,"href":"https:\/\/esentevibrationale.com\/index.php?rest_route=%2Fwp%2Fv2%2Fproduct_cat&post=1875"},{"taxonomy":"product_tag","embeddable":true,"href":"https:\/\/esentevibrationale.com\/index.php?rest_route=%2Fwp%2Fv2%2Fproduct_tag&post=1875"}],"curies":[{"name":"wp","href":"https:\/\/api.w.org\/{rel}","templated":true}]}}