{"id":1889,"date":"2018-11-19T11:42:58","date_gmt":"2018-11-19T10:42:58","guid":{"rendered":"https:\/\/phiessences.com\/Romania\/?post_type=product&#038;p=1889"},"modified":"2026-01-02T15:36:33","modified_gmt":"2026-01-02T13:36:33","slug":"elefant-elefant","status":"publish","type":"product","link":"https:\/\/esentevibrationale.com\/?product=elefant-elefant","title":{"rendered":"Elefant \/ Elefant"},"content":{"rendered":"<p><strong>(Loxodonta africana) <\/strong><\/p>\n<p>Aceast\u0103 esen\u0163\u0103 protejeaz\u0103 \u015fi desensibilizeaz\u0103 oamenii care sunt &#8222;sensibili&#8221; \u015fi care prin urmare reac\u0163ioneaz\u0103 exagerat la schimbare. Aceasta ajut\u0103 la \u00eemp\u0103m\u00e2ntarea acelora care reactioneaza prea emo\u0163ional, astfel \u00eenc\u00e2t ace\u015ftia s\u0103 r\u0103m\u00e2n\u0103 centra\u0163i \u015fi s\u0103 nu &#8222;fac\u0103 un munte dintr-un mu\u015furoi de c\u00e2rti\u0163\u0103&#8221;. Pe de alt\u0103 parte, scoate \u00een eviden\u0163\u0103 noble\u0163ea \u00eenn\u0103scut\u0103 a caracterului. Atunci c\u00e2nd caut\u0103m rela\u0163ie corect\u0103, aceast\u0103 esen\u0163\u0103 stimuleaz\u01ce capacitatea noastr\u0103 de a percepe ceea ce este adev\u0103rat \u015fi fals \u00een potentiali parteneri.<\/p>\n","protected":false},"excerpt":{"rendered":"<p>(Loxodonta africana) Aceast\u0103 esen\u0163\u0103 protejeaz\u0103 \u015fi desensibilizeaz\u0103 oamenii care sunt &#8222;sensibili&#8221; \u015fi care prin urmare reac\u0163ioneaz\u0103 exagerat la schimbare. Aceasta ajut\u0103 la \u00eemp\u0103m\u00e2ntarea acelora care reactioneaza prea emo\u0163ional, astfel \u00eenc\u00e2t ace\u015ftia s\u0103 r\u0103m\u00e2n\u0103 centra\u0163i \u015fi s\u0103 nu &#8222;fac\u0103 un munte dintr-un mu\u015furoi de c\u00e2rti\u0163\u0103&#8221;. Pe de alt\u0103 parte, scoate \u00een eviden\u0163\u0103 noble\u0163ea \u00eenn\u0103scut\u0103 a caracterului. &hellip; <a href=\"https:\/\/esentevibrationale.com\/?product=elefant-elefant\" class=\"more-link\">Continu\u0103 lectura <span class=\"screen-reader-text\">Elefant \/ Elefant<\/span> <span class=\"meta-nav\">&rarr;<\/span><\/a><\/p>\n","protected":false},"featured_media":1892,"template":"","meta":[],"product_brand":[],"product_cat":[49],"product_tag":[],"class_list":{"0":"post-1889","1":"product","2":"type-product","3":"status-publish","4":"has-post-thumbnail","6":"product_cat-esente-de-animale-africane","7":"pa_size-15ml","8":"pa_size-30ml","10":"first","11":"instock","12":"shipping-taxable","13":"purchasable","14":"product-type-variable","15":"has-default-attributes"},"_links":{"self":[{"href":"https:\/\/esentevibrationale.com\/index.php?rest_route=\/wp\/v2\/product\/1889","targetHints":{"allow":["GET"]}}],"collection":[{"href":"https:\/\/esentevibrationale.com\/index.php?rest_route=\/wp\/v2\/product"}],"about":[{"href":"https:\/\/esentevibrationale.com\/index.php?rest_route=\/wp\/v2\/types\/product"}],"wp:featuredmedia":[{"embeddable":true,"href":"https:\/\/esentevibrationale.com\/index.php?rest_route=\/wp\/v2\/media\/1892"}],"wp:attachment":[{"href":"https:\/\/esentevibrationale.com\/index.php?rest_route=%2Fwp%2Fv2%2Fmedia&parent=1889"}],"wp:term":[{"taxonomy":"product_brand","embeddable":true,"href":"https:\/\/esentevibrationale.com\/index.php?rest_route=%2Fwp%2Fv2%2Fproduct_brand&post=1889"},{"taxonomy":"product_cat","embeddable":true,"href":"https:\/\/esentevibrationale.com\/index.php?rest_route=%2Fwp%2Fv2%2Fproduct_cat&post=1889"},{"taxonomy":"product_tag","embeddable":true,"href":"https:\/\/esentevibrationale.com\/index.php?rest_route=%2Fwp%2Fv2%2Fproduct_tag&post=1889"}],"curies":[{"name":"wp","href":"https:\/\/api.w.org\/{rel}","templated":true}]}}