{"id":1897,"date":"2018-11-19T11:50:36","date_gmt":"2018-11-19T10:50:36","guid":{"rendered":"https:\/\/phiessences.com\/Romania\/?post_type=product&#038;p=1897"},"modified":"2026-01-02T15:37:24","modified_gmt":"2026-01-02T13:37:24","slug":"gnu-gnu","status":"publish","type":"product","link":"https:\/\/esentevibrationale.com\/?product=gnu-gnu","title":{"rendered":"Gnu \/ Gnu"},"content":{"rendered":"<p><strong>(Connochaetes gnou) <\/strong><\/p>\n<p>Ne seteaz\u0103 limitele \u0219i \u00eent\u0103re\u0219te capacitatea noastr\u0103 de a ne afirma voin\u021ba noastr\u0103. Esen\u021ba \u00eent\u0103re\u0219te curajul nostru de a ne lupta pentru convingerile noastre, astfel \u00eenc\u00e2t s\u0103 ne putem dezvolta poten\u021bialul nostru adev\u0103rat.<\/p>\n","protected":false},"excerpt":{"rendered":"<p>(Connochaetes gnou) Ne seteaz\u0103 limitele \u0219i \u00eent\u0103re\u0219te capacitatea noastr\u0103 de a ne afirma voin\u021ba noastr\u0103. Esen\u021ba \u00eent\u0103re\u0219te curajul nostru de a ne lupta pentru convingerile noastre, astfel \u00eenc\u00e2t s\u0103 ne putem dezvolta poten\u021bialul nostru adev\u0103rat.<\/p>\n","protected":false},"featured_media":1900,"template":"","meta":[],"product_brand":[],"product_cat":[49],"product_tag":[],"class_list":{"0":"post-1897","1":"product","2":"type-product","3":"status-publish","4":"has-post-thumbnail","6":"product_cat-esente-de-animale-africane","7":"pa_size-15ml","8":"pa_size-30ml","10":"first","11":"instock","12":"shipping-taxable","13":"purchasable","14":"product-type-variable","15":"has-default-attributes"},"_links":{"self":[{"href":"https:\/\/esentevibrationale.com\/index.php?rest_route=\/wp\/v2\/product\/1897","targetHints":{"allow":["GET"]}}],"collection":[{"href":"https:\/\/esentevibrationale.com\/index.php?rest_route=\/wp\/v2\/product"}],"about":[{"href":"https:\/\/esentevibrationale.com\/index.php?rest_route=\/wp\/v2\/types\/product"}],"wp:featuredmedia":[{"embeddable":true,"href":"https:\/\/esentevibrationale.com\/index.php?rest_route=\/wp\/v2\/media\/1900"}],"wp:attachment":[{"href":"https:\/\/esentevibrationale.com\/index.php?rest_route=%2Fwp%2Fv2%2Fmedia&parent=1897"}],"wp:term":[{"taxonomy":"product_brand","embeddable":true,"href":"https:\/\/esentevibrationale.com\/index.php?rest_route=%2Fwp%2Fv2%2Fproduct_brand&post=1897"},{"taxonomy":"product_cat","embeddable":true,"href":"https:\/\/esentevibrationale.com\/index.php?rest_route=%2Fwp%2Fv2%2Fproduct_cat&post=1897"},{"taxonomy":"product_tag","embeddable":true,"href":"https:\/\/esentevibrationale.com\/index.php?rest_route=%2Fwp%2Fv2%2Fproduct_tag&post=1897"}],"curies":[{"name":"wp","href":"https:\/\/api.w.org\/{rel}","templated":true}]}}