{"id":1904,"date":"2018-11-19T11:58:27","date_gmt":"2018-11-19T10:58:27","guid":{"rendered":"https:\/\/phiessences.com\/Romania\/?post_type=product&#038;p=1904"},"modified":"2026-01-02T15:38:57","modified_gmt":"2026-01-02T13:38:57","slug":"leopard-leopard","status":"publish","type":"product","link":"https:\/\/esentevibrationale.com\/?product=leopard-leopard","title":{"rendered":"Leopard \/ Leopard"},"content":{"rendered":"<p><strong>(Panthera pardus) <\/strong><\/p>\n<p>Stimuleaz\u0103 viteza, elegan\u0163a \u015fi m\u01ceiestria. Vom \u00eenv\u0103\u0163a s\u0103 utiliz\u0103m puterea noastr\u0103, atunci c\u00e2nd este oportun \u015fi, de asemenea, s\u0103 exers\u0103m pruden\u0163a \u015fi s\u0103 fim mai aten\u0163i cu al\u0163ii.<\/p>\n","protected":false},"excerpt":{"rendered":"<p>(Panthera pardus) Stimuleaz\u0103 viteza, elegan\u0163a \u015fi m\u01ceiestria. Vom \u00eenv\u0103\u0163a s\u0103 utiliz\u0103m puterea noastr\u0103, atunci c\u00e2nd este oportun \u015fi, de asemenea, s\u0103 exers\u0103m pruden\u0163a \u015fi s\u0103 fim mai aten\u0163i cu al\u0163ii.<\/p>\n","protected":false},"featured_media":1907,"template":"","meta":[],"product_brand":[],"product_cat":[49],"product_tag":[],"class_list":{"0":"post-1904","1":"product","2":"type-product","3":"status-publish","4":"has-post-thumbnail","6":"product_cat-esente-de-animale-africane","7":"pa_size-15ml","8":"pa_size-30ml","10":"first","11":"instock","12":"shipping-taxable","13":"purchasable","14":"product-type-variable","15":"has-default-attributes"},"_links":{"self":[{"href":"https:\/\/esentevibrationale.com\/index.php?rest_route=\/wp\/v2\/product\/1904","targetHints":{"allow":["GET"]}}],"collection":[{"href":"https:\/\/esentevibrationale.com\/index.php?rest_route=\/wp\/v2\/product"}],"about":[{"href":"https:\/\/esentevibrationale.com\/index.php?rest_route=\/wp\/v2\/types\/product"}],"wp:featuredmedia":[{"embeddable":true,"href":"https:\/\/esentevibrationale.com\/index.php?rest_route=\/wp\/v2\/media\/1907"}],"wp:attachment":[{"href":"https:\/\/esentevibrationale.com\/index.php?rest_route=%2Fwp%2Fv2%2Fmedia&parent=1904"}],"wp:term":[{"taxonomy":"product_brand","embeddable":true,"href":"https:\/\/esentevibrationale.com\/index.php?rest_route=%2Fwp%2Fv2%2Fproduct_brand&post=1904"},{"taxonomy":"product_cat","embeddable":true,"href":"https:\/\/esentevibrationale.com\/index.php?rest_route=%2Fwp%2Fv2%2Fproduct_cat&post=1904"},{"taxonomy":"product_tag","embeddable":true,"href":"https:\/\/esentevibrationale.com\/index.php?rest_route=%2Fwp%2Fv2%2Fproduct_tag&post=1904"}],"curies":[{"name":"wp","href":"https:\/\/api.w.org\/{rel}","templated":true}]}}