{"id":1908,"date":"2018-11-19T12:02:24","date_gmt":"2018-11-19T11:02:24","guid":{"rendered":"https:\/\/phiessences.com\/Romania\/?post_type=product&#038;p=1908"},"modified":"2026-01-02T15:39:46","modified_gmt":"2026-01-02T13:39:46","slug":"lion-leu","status":"publish","type":"product","link":"https:\/\/esentevibrationale.com\/?product=lion-leu","title":{"rendered":"Lion \/ Leu"},"content":{"rendered":"<p><strong>(Panthera leo) <\/strong><\/p>\n<p>Stimuleaz\u01ce \u00eencrederea \u00een sine \u015fi siguran\u0163\u0103 de sine, astfel \u00eenc\u00e2t s\u0103 ne putem bucura c\u00e2nd suntem \u00een centrul aten\u0163ie. Ne permite s\u0103 ne bucur\u0103m de propria noastr\u0103 companie \u015fi s\u0103 apreciem lucrurile frumoase din via\u0163\u0103.<\/p>\n","protected":false},"excerpt":{"rendered":"<p>(Panthera leo) Stimuleaz\u01ce \u00eencrederea \u00een sine \u015fi siguran\u0163\u0103 de sine, astfel \u00eenc\u00e2t s\u0103 ne putem bucura c\u00e2nd suntem \u00een centrul aten\u0163ie. Ne permite s\u0103 ne bucur\u0103m de propria noastr\u0103 companie \u015fi s\u0103 apreciem lucrurile frumoase din via\u0163\u0103.<\/p>\n","protected":false},"featured_media":1911,"template":"","meta":[],"product_brand":[],"product_cat":[49],"product_tag":[],"class_list":{"0":"post-1908","1":"product","2":"type-product","3":"status-publish","4":"has-post-thumbnail","6":"product_cat-esente-de-animale-africane","7":"pa_size-15ml","8":"pa_size-30ml","10":"first","11":"instock","12":"shipping-taxable","13":"purchasable","14":"product-type-variable","15":"has-default-attributes"},"_links":{"self":[{"href":"https:\/\/esentevibrationale.com\/index.php?rest_route=\/wp\/v2\/product\/1908","targetHints":{"allow":["GET"]}}],"collection":[{"href":"https:\/\/esentevibrationale.com\/index.php?rest_route=\/wp\/v2\/product"}],"about":[{"href":"https:\/\/esentevibrationale.com\/index.php?rest_route=\/wp\/v2\/types\/product"}],"wp:featuredmedia":[{"embeddable":true,"href":"https:\/\/esentevibrationale.com\/index.php?rest_route=\/wp\/v2\/media\/1911"}],"wp:attachment":[{"href":"https:\/\/esentevibrationale.com\/index.php?rest_route=%2Fwp%2Fv2%2Fmedia&parent=1908"}],"wp:term":[{"taxonomy":"product_brand","embeddable":true,"href":"https:\/\/esentevibrationale.com\/index.php?rest_route=%2Fwp%2Fv2%2Fproduct_brand&post=1908"},{"taxonomy":"product_cat","embeddable":true,"href":"https:\/\/esentevibrationale.com\/index.php?rest_route=%2Fwp%2Fv2%2Fproduct_cat&post=1908"},{"taxonomy":"product_tag","embeddable":true,"href":"https:\/\/esentevibrationale.com\/index.php?rest_route=%2Fwp%2Fv2%2Fproduct_tag&post=1908"}],"curies":[{"name":"wp","href":"https:\/\/api.w.org\/{rel}","templated":true}]}}