{"id":1916,"date":"2018-11-19T12:10:14","date_gmt":"2018-11-19T11:10:14","guid":{"rendered":"https:\/\/phiessences.com\/Romania\/?post_type=product&#038;p=1916"},"modified":"2026-01-02T15:41:23","modified_gmt":"2026-01-02T13:41:23","slug":"ostrich-strut","status":"publish","type":"product","link":"https:\/\/esentevibrationale.com\/?product=ostrich-strut","title":{"rendered":"Ostrich \/ Stru\u0163"},"content":{"rendered":"<p><strong>(Struthius kys)<\/strong><\/p>\n<p>Ne permite s\u0103 confrunt\u0103m problemele noastre mai direct \u015fi cu for\u0163\u0103. Esen\u0163a este util\u0103 \u00een special pentru cei care obi\u015fnuiesc s\u0103 evite confruntarea \u00een situa\u0163iile dificile sau \u00een rela\u0163ii, c\u0103ut\u00e2nd s\u0103 evadeze \u00een schimb. Ne aduce \u00eenapoi la misiunea noastr\u0103, ofer\u0103 \u00eencredere \u00een for\u0163ele proprii \u015fi ne d\u0103 curajul, pentru a vedea lucrurile a\u015fa cum sunt \u015fi de a trage\u00a0 concluzia adecvat\u0103.<\/p>\n","protected":false},"excerpt":{"rendered":"<p>(Struthius kys) Ne permite s\u0103 confrunt\u0103m problemele noastre mai direct \u015fi cu for\u0163\u0103. Esen\u0163a este util\u0103 \u00een special pentru cei care obi\u015fnuiesc s\u0103 evite confruntarea \u00een situa\u0163iile dificile sau \u00een rela\u0163ii, c\u0103ut\u00e2nd s\u0103 evadeze \u00een schimb. Ne aduce \u00eenapoi la misiunea noastr\u0103, ofer\u0103 \u00eencredere \u00een for\u0163ele proprii \u015fi ne d\u0103 curajul, pentru a vedea lucrurile &hellip; <a href=\"https:\/\/esentevibrationale.com\/?product=ostrich-strut\" class=\"more-link\">Continu\u0103 lectura <span class=\"screen-reader-text\">Ostrich \/ Stru\u0163<\/span> <span class=\"meta-nav\">&rarr;<\/span><\/a><\/p>\n","protected":false},"featured_media":1919,"template":"","meta":[],"product_brand":[],"product_cat":[49],"product_tag":[],"class_list":{"0":"post-1916","1":"product","2":"type-product","3":"status-publish","4":"has-post-thumbnail","6":"product_cat-esente-de-animale-africane","7":"pa_size-15ml","8":"pa_size-30ml","10":"first","11":"instock","12":"shipping-taxable","13":"purchasable","14":"product-type-variable","15":"has-default-attributes"},"_links":{"self":[{"href":"https:\/\/esentevibrationale.com\/index.php?rest_route=\/wp\/v2\/product\/1916","targetHints":{"allow":["GET"]}}],"collection":[{"href":"https:\/\/esentevibrationale.com\/index.php?rest_route=\/wp\/v2\/product"}],"about":[{"href":"https:\/\/esentevibrationale.com\/index.php?rest_route=\/wp\/v2\/types\/product"}],"wp:featuredmedia":[{"embeddable":true,"href":"https:\/\/esentevibrationale.com\/index.php?rest_route=\/wp\/v2\/media\/1919"}],"wp:attachment":[{"href":"https:\/\/esentevibrationale.com\/index.php?rest_route=%2Fwp%2Fv2%2Fmedia&parent=1916"}],"wp:term":[{"taxonomy":"product_brand","embeddable":true,"href":"https:\/\/esentevibrationale.com\/index.php?rest_route=%2Fwp%2Fv2%2Fproduct_brand&post=1916"},{"taxonomy":"product_cat","embeddable":true,"href":"https:\/\/esentevibrationale.com\/index.php?rest_route=%2Fwp%2Fv2%2Fproduct_cat&post=1916"},{"taxonomy":"product_tag","embeddable":true,"href":"https:\/\/esentevibrationale.com\/index.php?rest_route=%2Fwp%2Fv2%2Fproduct_tag&post=1916"}],"curies":[{"name":"wp","href":"https:\/\/api.w.org\/{rel}","templated":true}]}}