{"id":1922,"date":"2018-11-19T12:27:55","date_gmt":"2018-11-19T11:27:55","guid":{"rendered":"https:\/\/phiessences.com\/Romania\/?post_type=product&#038;p=1922"},"modified":"2026-01-02T15:35:45","modified_gmt":"2026-01-02T13:35:45","slug":"eagle-vultur","status":"publish","type":"product","link":"https:\/\/esentevibrationale.com\/?product=eagle-vultur","title":{"rendered":"Eagle \/ Vultur"},"content":{"rendered":"<p><strong>(Haliae\u00ebtus leucocephalus)<\/strong><\/p>\n<p>Ne aduce un spirit clar \u015fi \u00eent\u0103re\u015fte vederea. Ne ofer\u0103 experien\u0163a de flexibilitate \u015fi rapiditate.<\/p>\n","protected":false},"excerpt":{"rendered":"<p>(Haliae\u00ebtus leucocephalus) Ne aduce un spirit clar \u015fi \u00eent\u0103re\u015fte vederea. Ne ofer\u0103 experien\u0163a de flexibilitate \u015fi rapiditate.<\/p>\n","protected":false},"featured_media":1923,"template":"","meta":[],"product_brand":[],"product_cat":[49],"product_tag":[],"class_list":{"0":"post-1922","1":"product","2":"type-product","3":"status-publish","4":"has-post-thumbnail","6":"product_cat-esente-de-animale-africane","7":"pa_size-15ml","8":"pa_size-30ml","10":"first","11":"instock","12":"shipping-taxable","13":"purchasable","14":"product-type-variable","15":"has-default-attributes"},"_links":{"self":[{"href":"https:\/\/esentevibrationale.com\/index.php?rest_route=\/wp\/v2\/product\/1922","targetHints":{"allow":["GET"]}}],"collection":[{"href":"https:\/\/esentevibrationale.com\/index.php?rest_route=\/wp\/v2\/product"}],"about":[{"href":"https:\/\/esentevibrationale.com\/index.php?rest_route=\/wp\/v2\/types\/product"}],"wp:featuredmedia":[{"embeddable":true,"href":"https:\/\/esentevibrationale.com\/index.php?rest_route=\/wp\/v2\/media\/1923"}],"wp:attachment":[{"href":"https:\/\/esentevibrationale.com\/index.php?rest_route=%2Fwp%2Fv2%2Fmedia&parent=1922"}],"wp:term":[{"taxonomy":"product_brand","embeddable":true,"href":"https:\/\/esentevibrationale.com\/index.php?rest_route=%2Fwp%2Fv2%2Fproduct_brand&post=1922"},{"taxonomy":"product_cat","embeddable":true,"href":"https:\/\/esentevibrationale.com\/index.php?rest_route=%2Fwp%2Fv2%2Fproduct_cat&post=1922"},{"taxonomy":"product_tag","embeddable":true,"href":"https:\/\/esentevibrationale.com\/index.php?rest_route=%2Fwp%2Fv2%2Fproduct_tag&post=1922"}],"curies":[{"name":"wp","href":"https:\/\/api.w.org\/{rel}","templated":true}]}}