{"id":1924,"date":"2018-11-19T12:37:13","date_gmt":"2018-11-19T11:37:13","guid":{"rendered":"https:\/\/phiessences.com\/Romania\/?post_type=product&#038;p=1924"},"modified":"2026-01-02T15:43:04","modified_gmt":"2026-01-02T13:43:04","slug":"snake-sarpe","status":"publish","type":"product","link":"https:\/\/esentevibrationale.com\/?product=snake-sarpe","title":{"rendered":"Snake \/ \u015earpe"},"content":{"rendered":"<p><strong>\u00a0(Dendroaspis)<\/strong><\/p>\n<p>Esen\u0163a activeaz\u0103 puterile noastre de auto-vindecare la nivel energetic. Stimuleaz\u0103 armonia \u00een situa\u0163iile intoxicate emo\u0163ional.<\/p>\n","protected":false},"excerpt":{"rendered":"<p>\u00a0(Dendroaspis) Esen\u0163a activeaz\u0103 puterile noastre de auto-vindecare la nivel energetic. Stimuleaz\u0103 armonia \u00een situa\u0163iile intoxicate emo\u0163ional.<\/p>\n","protected":false},"featured_media":1927,"template":"","meta":[],"product_brand":[],"product_cat":[49],"product_tag":[],"class_list":{"0":"post-1924","1":"product","2":"type-product","3":"status-publish","4":"has-post-thumbnail","6":"product_cat-esente-de-animale-africane","7":"pa_size-15ml","8":"pa_size-30ml","10":"first","11":"instock","12":"shipping-taxable","13":"purchasable","14":"product-type-variable","15":"has-default-attributes"},"_links":{"self":[{"href":"https:\/\/esentevibrationale.com\/index.php?rest_route=\/wp\/v2\/product\/1924","targetHints":{"allow":["GET"]}}],"collection":[{"href":"https:\/\/esentevibrationale.com\/index.php?rest_route=\/wp\/v2\/product"}],"about":[{"href":"https:\/\/esentevibrationale.com\/index.php?rest_route=\/wp\/v2\/types\/product"}],"wp:featuredmedia":[{"embeddable":true,"href":"https:\/\/esentevibrationale.com\/index.php?rest_route=\/wp\/v2\/media\/1927"}],"wp:attachment":[{"href":"https:\/\/esentevibrationale.com\/index.php?rest_route=%2Fwp%2Fv2%2Fmedia&parent=1924"}],"wp:term":[{"taxonomy":"product_brand","embeddable":true,"href":"https:\/\/esentevibrationale.com\/index.php?rest_route=%2Fwp%2Fv2%2Fproduct_brand&post=1924"},{"taxonomy":"product_cat","embeddable":true,"href":"https:\/\/esentevibrationale.com\/index.php?rest_route=%2Fwp%2Fv2%2Fproduct_cat&post=1924"},{"taxonomy":"product_tag","embeddable":true,"href":"https:\/\/esentevibrationale.com\/index.php?rest_route=%2Fwp%2Fv2%2Fproduct_tag&post=1924"}],"curies":[{"name":"wp","href":"https:\/\/api.w.org\/{rel}","templated":true}]}}