{"id":1939,"date":"2018-11-19T13:12:12","date_gmt":"2018-11-19T12:12:12","guid":{"rendered":"https:\/\/phiessences.com\/Romania\/?post_type=product&#038;p=1939"},"modified":"2026-01-02T18:56:05","modified_gmt":"2026-01-02T16:56:05","slug":"joyful-sexuality-energy-balancer-echilibrare-energetica-sexualitate-plina-de-bucurie","status":"publish","type":"product","link":"https:\/\/esentevibrationale.com\/?product=joyful-sexuality-energy-balancer-echilibrare-energetica-sexualitate-plina-de-bucurie","title":{"rendered":"Joyful Sexuality Energy Balancer \/ Echilibrare Energetic\u0103 &#8211; Sexualitate plin\u0103 de bucurie"},"content":{"rendered":"<ul>\n<li>Ridic\u0103 vibra\u021bia emo\u021biilor \u0219i ajut\u0103 la con\u0219tientizarea momentelor speciale \u0219i frumoase<\/li>\n<li>Ne ajut\u0103 s\u0103 ne bucur\u0103m de senzualitate cu mai mult\u0103 iubire \u0219i creativitate<\/li>\n<li>Conecteaz\u0103 experien\u021ba din corp cu mintea \u0219i spiritul<\/li>\n<li>Recomandat \u00een combina\u021bie cu Esen\u021ba de Echilibrarea pentru femei sau b\u0103rba\u021bi<\/li>\n<\/ul>\n","protected":false},"excerpt":{"rendered":"<p>Ridic\u0103 vibra\u021bia emo\u021biilor \u0219i ajut\u0103 la con\u0219tientizarea momentelor speciale \u0219i frumoase Ne ajut\u0103 s\u0103 ne bucur\u0103m de senzualitate cu mai mult\u0103 iubire \u0219i creativitate Conecteaz\u0103 experien\u021ba din corp cu mintea \u0219i spiritul Recomandat \u00een combina\u021bie cu Esen\u021ba de Echilibrarea pentru femei sau b\u0103rba\u021bi<\/p>\n","protected":false},"featured_media":1942,"template":"","meta":[],"product_brand":[],"product_cat":[50],"product_tag":[],"class_list":{"0":"post-1939","1":"product","2":"type-product","3":"status-publish","4":"has-post-thumbnail","6":"product_cat-noua-linia-de-echilibrare-energetica","7":"pa_size-15ml","8":"pa_size-30ml","10":"first","11":"instock","12":"shipping-taxable","13":"purchasable","14":"product-type-variable","15":"has-default-attributes"},"_links":{"self":[{"href":"https:\/\/esentevibrationale.com\/index.php?rest_route=\/wp\/v2\/product\/1939","targetHints":{"allow":["GET"]}}],"collection":[{"href":"https:\/\/esentevibrationale.com\/index.php?rest_route=\/wp\/v2\/product"}],"about":[{"href":"https:\/\/esentevibrationale.com\/index.php?rest_route=\/wp\/v2\/types\/product"}],"wp:featuredmedia":[{"embeddable":true,"href":"https:\/\/esentevibrationale.com\/index.php?rest_route=\/wp\/v2\/media\/1942"}],"wp:attachment":[{"href":"https:\/\/esentevibrationale.com\/index.php?rest_route=%2Fwp%2Fv2%2Fmedia&parent=1939"}],"wp:term":[{"taxonomy":"product_brand","embeddable":true,"href":"https:\/\/esentevibrationale.com\/index.php?rest_route=%2Fwp%2Fv2%2Fproduct_brand&post=1939"},{"taxonomy":"product_cat","embeddable":true,"href":"https:\/\/esentevibrationale.com\/index.php?rest_route=%2Fwp%2Fv2%2Fproduct_cat&post=1939"},{"taxonomy":"product_tag","embeddable":true,"href":"https:\/\/esentevibrationale.com\/index.php?rest_route=%2Fwp%2Fv2%2Fproduct_tag&post=1939"}],"curies":[{"name":"wp","href":"https:\/\/api.w.org\/{rel}","templated":true}]}}