{"id":1943,"date":"2018-11-19T13:18:10","date_gmt":"2018-11-19T12:18:10","guid":{"rendered":"https:\/\/phiessences.com\/Romania\/?post_type=product&#038;p=1943"},"modified":"2026-01-02T18:23:49","modified_gmt":"2026-01-02T16:23:49","slug":"forever-young-energy-balancer-echilibrare-energetica-intotdeauna-tanar","status":"publish","type":"product","link":"https:\/\/esentevibrationale.com\/?product=forever-young-energy-balancer-echilibrare-energetica-intotdeauna-tanar","title":{"rendered":"Forever Young Energy Balancer \/ Echilibrare Energetic\u0103 &#8211;  \u00centotdeauna T\u00e2n\u0103r"},"content":{"rendered":"<ul>\n<li>Ofer\u0103 sentimentul permanent de contact cu copilul interior<\/li>\n<li>Ne ajut\u0103 s\u0103 renun\u021b\u0103m la frica de \u00eemb\u0103tr\u00e2nire<\/li>\n<li>Ofera\u00a0 o revitalizare energetic\u0103 corpului nostru, prin reconectarea cu mintea \u0219i spiritul<\/li>\n<li>Ajut\u0103 frumuse\u021bea interioar\u0103 s\u0103 str\u0103luceasc\u0103 \u00een exterior<\/li>\n<\/ul>\n","protected":false},"excerpt":{"rendered":"<p>Ofer\u0103 sentimentul permanent de contact cu copilul interior Ne ajut\u0103 s\u0103 renun\u021b\u0103m la frica de \u00eemb\u0103tr\u00e2nire Ofera\u00a0 o revitalizare energetic\u0103 corpului nostru, prin reconectarea cu mintea \u0219i spiritul Ajut\u0103 frumuse\u021bea interioar\u0103 s\u0103 str\u0103luceasc\u0103 \u00een exterior<\/p>\n","protected":false},"featured_media":1946,"template":"","meta":[],"product_brand":[],"product_cat":[50],"product_tag":[],"class_list":{"0":"post-1943","1":"product","2":"type-product","3":"status-publish","4":"has-post-thumbnail","6":"product_cat-noua-linia-de-echilibrare-energetica","7":"pa_size-15ml","8":"pa_size-30ml","10":"first","11":"instock","12":"shipping-taxable","13":"purchasable","14":"product-type-variable","15":"has-default-attributes"},"_links":{"self":[{"href":"https:\/\/esentevibrationale.com\/index.php?rest_route=\/wp\/v2\/product\/1943","targetHints":{"allow":["GET"]}}],"collection":[{"href":"https:\/\/esentevibrationale.com\/index.php?rest_route=\/wp\/v2\/product"}],"about":[{"href":"https:\/\/esentevibrationale.com\/index.php?rest_route=\/wp\/v2\/types\/product"}],"wp:featuredmedia":[{"embeddable":true,"href":"https:\/\/esentevibrationale.com\/index.php?rest_route=\/wp\/v2\/media\/1946"}],"wp:attachment":[{"href":"https:\/\/esentevibrationale.com\/index.php?rest_route=%2Fwp%2Fv2%2Fmedia&parent=1943"}],"wp:term":[{"taxonomy":"product_brand","embeddable":true,"href":"https:\/\/esentevibrationale.com\/index.php?rest_route=%2Fwp%2Fv2%2Fproduct_brand&post=1943"},{"taxonomy":"product_cat","embeddable":true,"href":"https:\/\/esentevibrationale.com\/index.php?rest_route=%2Fwp%2Fv2%2Fproduct_cat&post=1943"},{"taxonomy":"product_tag","embeddable":true,"href":"https:\/\/esentevibrationale.com\/index.php?rest_route=%2Fwp%2Fv2%2Fproduct_tag&post=1943"}],"curies":[{"name":"wp","href":"https:\/\/api.w.org\/{rel}","templated":true}]}}