{"id":1947,"date":"2018-11-19T13:24:24","date_gmt":"2018-11-19T12:24:24","guid":{"rendered":"https:\/\/phiessences.com\/Romania\/?post_type=product&#038;p=1947"},"modified":"2026-01-02T19:00:03","modified_gmt":"2026-01-02T17:00:03","slug":"regeneration-energy-balancer-echilibrare-energetica-regenerare","status":"publish","type":"product","link":"https:\/\/esentevibrationale.com\/?product=regeneration-energy-balancer-echilibrare-energetica-regenerare","title":{"rendered":"Regeneration Energy Balancer \/ Echilibrare Energetic\u0103 &#8211; Regenerare"},"content":{"rendered":"<ul>\n<li>Ne revitalizeaz\u0103, atunci c\u00e2nd ne sim\u0163im letargici sau slabi<\/li>\n<li>Deblocheaz\u0103 energiile \u0219i puterile noi<\/li>\n<li>Ne d\u0103 sentimentul de stabilitate interioar\u0103 \u0219i putere<\/li>\n<li>Ajut\u0103 la echilibrarea min\u021bii, corpului \u0219i spiritului pentru o uniformizare energetic\u01ce<\/li>\n<\/ul>\n","protected":false},"excerpt":{"rendered":"<p>Ne revitalizeaz\u0103, atunci c\u00e2nd ne sim\u0163im letargici sau slabi Deblocheaz\u0103 energiile \u0219i puterile noi Ne d\u0103 sentimentul de stabilitate interioar\u0103 \u0219i putere Ajut\u0103 la echilibrarea min\u021bii, corpului \u0219i spiritului pentru o uniformizare energetic\u01ce<\/p>\n","protected":false},"featured_media":1950,"template":"","meta":[],"product_brand":[],"product_cat":[50],"product_tag":[],"class_list":{"0":"post-1947","1":"product","2":"type-product","3":"status-publish","4":"has-post-thumbnail","6":"product_cat-noua-linia-de-echilibrare-energetica","7":"pa_size-15ml","8":"pa_size-30ml","10":"first","11":"instock","12":"shipping-taxable","13":"purchasable","14":"product-type-variable","15":"has-default-attributes"},"_links":{"self":[{"href":"https:\/\/esentevibrationale.com\/index.php?rest_route=\/wp\/v2\/product\/1947","targetHints":{"allow":["GET"]}}],"collection":[{"href":"https:\/\/esentevibrationale.com\/index.php?rest_route=\/wp\/v2\/product"}],"about":[{"href":"https:\/\/esentevibrationale.com\/index.php?rest_route=\/wp\/v2\/types\/product"}],"wp:featuredmedia":[{"embeddable":true,"href":"https:\/\/esentevibrationale.com\/index.php?rest_route=\/wp\/v2\/media\/1950"}],"wp:attachment":[{"href":"https:\/\/esentevibrationale.com\/index.php?rest_route=%2Fwp%2Fv2%2Fmedia&parent=1947"}],"wp:term":[{"taxonomy":"product_brand","embeddable":true,"href":"https:\/\/esentevibrationale.com\/index.php?rest_route=%2Fwp%2Fv2%2Fproduct_brand&post=1947"},{"taxonomy":"product_cat","embeddable":true,"href":"https:\/\/esentevibrationale.com\/index.php?rest_route=%2Fwp%2Fv2%2Fproduct_cat&post=1947"},{"taxonomy":"product_tag","embeddable":true,"href":"https:\/\/esentevibrationale.com\/index.php?rest_route=%2Fwp%2Fv2%2Fproduct_tag&post=1947"}],"curies":[{"name":"wp","href":"https:\/\/api.w.org\/{rel}","templated":true}]}}