{"id":1955,"date":"2018-11-19T13:34:25","date_gmt":"2018-11-19T12:34:25","guid":{"rendered":"https:\/\/phiessences.com\/Romania\/?post_type=product&#038;p=1955"},"modified":"2026-01-02T19:00:47","modified_gmt":"2026-01-02T17:00:47","slug":"stress-energy-balancer-echilibrare-energetica-stres","status":"publish","type":"product","link":"https:\/\/esentevibrationale.com\/?product=stress-energy-balancer-echilibrare-energetica-stres","title":{"rendered":"Stress Energy Balancer \/ Echilibrare Energetic\u0103 &#8211; Stres"},"content":{"rendered":"<ul>\n<li>Confer\u0103 un sentiment de calm, atunci c\u00e2nd sim\u0163im c\u0103 vrem s\u0103 explod\u0103m<\/li>\n<li>Ne ghideaz\u0103 c\u0103tre deta\u0219are \u0219i o alt\u0103 perspectiv\u0103<\/li>\n<li>Ne ajut\u0103 s\u0103 ne protej\u0103m de noi \u00een\u0219ine<\/li>\n<li>Ne permite s\u0103 oferim mai mult timp pentru noi \u00een\u015fine \u0219i s\u0103 accept\u0103m lucrurile bune din via\u021b\u0103<\/li>\n<\/ul>\n","protected":false},"excerpt":{"rendered":"<p>Confer\u0103 un sentiment de calm, atunci c\u00e2nd sim\u0163im c\u0103 vrem s\u0103 explod\u0103m Ne ghideaz\u0103 c\u0103tre deta\u0219are \u0219i o alt\u0103 perspectiv\u0103 Ne ajut\u0103 s\u0103 ne protej\u0103m de noi \u00een\u0219ine Ne permite s\u0103 oferim mai mult timp pentru noi \u00een\u015fine \u0219i s\u0103 accept\u0103m lucrurile bune din via\u021b\u0103<\/p>\n","protected":false},"featured_media":1956,"template":"","meta":[],"product_brand":[],"product_cat":[50],"product_tag":[],"class_list":{"0":"post-1955","1":"product","2":"type-product","3":"status-publish","4":"has-post-thumbnail","6":"product_cat-noua-linia-de-echilibrare-energetica","7":"pa_size-15ml","8":"pa_size-30ml","10":"first","11":"instock","12":"shipping-taxable","13":"purchasable","14":"product-type-variable","15":"has-default-attributes"},"_links":{"self":[{"href":"https:\/\/esentevibrationale.com\/index.php?rest_route=\/wp\/v2\/product\/1955","targetHints":{"allow":["GET"]}}],"collection":[{"href":"https:\/\/esentevibrationale.com\/index.php?rest_route=\/wp\/v2\/product"}],"about":[{"href":"https:\/\/esentevibrationale.com\/index.php?rest_route=\/wp\/v2\/types\/product"}],"wp:featuredmedia":[{"embeddable":true,"href":"https:\/\/esentevibrationale.com\/index.php?rest_route=\/wp\/v2\/media\/1956"}],"wp:attachment":[{"href":"https:\/\/esentevibrationale.com\/index.php?rest_route=%2Fwp%2Fv2%2Fmedia&parent=1955"}],"wp:term":[{"taxonomy":"product_brand","embeddable":true,"href":"https:\/\/esentevibrationale.com\/index.php?rest_route=%2Fwp%2Fv2%2Fproduct_brand&post=1955"},{"taxonomy":"product_cat","embeddable":true,"href":"https:\/\/esentevibrationale.com\/index.php?rest_route=%2Fwp%2Fv2%2Fproduct_cat&post=1955"},{"taxonomy":"product_tag","embeddable":true,"href":"https:\/\/esentevibrationale.com\/index.php?rest_route=%2Fwp%2Fv2%2Fproduct_tag&post=1955"}],"curies":[{"name":"wp","href":"https:\/\/api.w.org\/{rel}","templated":true}]}}