{"id":1963,"date":"2018-11-19T13:50:11","date_gmt":"2018-11-19T12:50:11","guid":{"rendered":"https:\/\/phiessences.com\/Romania\/?post_type=product&#038;p=1963"},"modified":"2026-01-02T18:24:38","modified_gmt":"2026-01-02T16:24:38","slug":"heart-energy-balancer-heart-echilibrare-energetica-inima","status":"publish","type":"product","link":"https:\/\/esentevibrationale.com\/?product=heart-energy-balancer-heart-echilibrare-energetica-inima","title":{"rendered":"Heart Energy Balancer Heart \/ Echilibrare Energetic\u0103 &#8211; Inim\u0103"},"content":{"rendered":"<ul>\n<li>Spore\u0219te \u0219i cre\u0219te calit\u0103\u021bile inimii<\/li>\n<li>Ne \u00eenva\u021b\u0103 s\u0103 oferim iubire necondi\u021bionat\u0103 f\u0103r\u0103 a face compromisuri<\/li>\n<li>Sprijin\u0103 \u0219i dezvolt\u0103 corpul emo\u0163ional<\/li>\n<li>Ne d\u0103 sentimentul minunat c\u0103 suntem fiin\u021be pline de iubire<\/li>\n<\/ul>\n","protected":false},"excerpt":{"rendered":"<p>Spore\u0219te \u0219i cre\u0219te calit\u0103\u021bile inimii Ne \u00eenva\u021b\u0103 s\u0103 oferim iubire necondi\u021bionat\u0103 f\u0103r\u0103 a face compromisuri Sprijin\u0103 \u0219i dezvolt\u0103 corpul emo\u0163ional Ne d\u0103 sentimentul minunat c\u0103 suntem fiin\u021be pline de iubire<\/p>\n","protected":false},"featured_media":1964,"template":"","meta":[],"product_brand":[],"product_cat":[50],"product_tag":[],"class_list":{"0":"post-1963","1":"product","2":"type-product","3":"status-publish","4":"has-post-thumbnail","6":"product_cat-noua-linia-de-echilibrare-energetica","7":"pa_size-15ml","8":"pa_size-30ml","10":"first","11":"instock","12":"shipping-taxable","13":"purchasable","14":"product-type-variable","15":"has-default-attributes"},"_links":{"self":[{"href":"https:\/\/esentevibrationale.com\/index.php?rest_route=\/wp\/v2\/product\/1963","targetHints":{"allow":["GET"]}}],"collection":[{"href":"https:\/\/esentevibrationale.com\/index.php?rest_route=\/wp\/v2\/product"}],"about":[{"href":"https:\/\/esentevibrationale.com\/index.php?rest_route=\/wp\/v2\/types\/product"}],"wp:featuredmedia":[{"embeddable":true,"href":"https:\/\/esentevibrationale.com\/index.php?rest_route=\/wp\/v2\/media\/1964"}],"wp:attachment":[{"href":"https:\/\/esentevibrationale.com\/index.php?rest_route=%2Fwp%2Fv2%2Fmedia&parent=1963"}],"wp:term":[{"taxonomy":"product_brand","embeddable":true,"href":"https:\/\/esentevibrationale.com\/index.php?rest_route=%2Fwp%2Fv2%2Fproduct_brand&post=1963"},{"taxonomy":"product_cat","embeddable":true,"href":"https:\/\/esentevibrationale.com\/index.php?rest_route=%2Fwp%2Fv2%2Fproduct_cat&post=1963"},{"taxonomy":"product_tag","embeddable":true,"href":"https:\/\/esentevibrationale.com\/index.php?rest_route=%2Fwp%2Fv2%2Fproduct_tag&post=1963"}],"curies":[{"name":"wp","href":"https:\/\/api.w.org\/{rel}","templated":true}]}}