{"id":1982,"date":"2018-11-19T17:03:19","date_gmt":"2018-11-19T16:03:19","guid":{"rendered":"https:\/\/phiessences.com\/Romania\/?post_type=product&#038;p=1982"},"modified":"2026-01-03T18:03:46","modified_gmt":"2026-01-03T16:03:46","slug":"moon-luna","status":"publish","type":"product","link":"https:\/\/esentevibrationale.com\/?product=moon-luna","title":{"rendered":"Moon \/ Luna"},"content":{"rendered":"<p>Esen\u0163a mistic\u01ce a feminit\u01ce\u0163ii \u015fi a maternit\u0103\u0163ii. Ne ajut\u0103 s\u01ce recunoa\u015ftem harul divin al maternit\u0103\u0163ii \u015fi deschide intui\u0163ia. De asemenea, poate ajut\u0103 la refacerea ritmurilor biologice normale \u00een oameni, \u00een cazul \u00een care acestea au fost afectate.<\/p>\n","protected":false},"excerpt":{"rendered":"<p>Esen\u0163a mistic\u01ce a feminit\u01ce\u0163ii \u015fi a maternit\u0103\u0163ii. Ne ajut\u0103 s\u01ce recunoa\u015ftem harul divin al maternit\u0103\u0163ii \u015fi deschide intui\u0163ia. De asemenea, poate ajut\u0103 la refacerea ritmurilor biologice normale \u00een oameni, \u00een cazul \u00een care acestea au fost afectate.<\/p>\n","protected":false},"featured_media":14466,"template":"","meta":[],"product_brand":[],"product_cat":[51],"product_tag":[],"class_list":{"0":"post-1982","1":"product","2":"type-product","3":"status-publish","4":"has-post-thumbnail","6":"product_cat-esentele-de-planete","7":"pa_size-15ml","8":"pa_size-30ml","10":"first","11":"instock","12":"shipping-taxable","13":"purchasable","14":"product-type-variable","15":"has-default-attributes"},"_links":{"self":[{"href":"https:\/\/esentevibrationale.com\/index.php?rest_route=\/wp\/v2\/product\/1982","targetHints":{"allow":["GET"]}}],"collection":[{"href":"https:\/\/esentevibrationale.com\/index.php?rest_route=\/wp\/v2\/product"}],"about":[{"href":"https:\/\/esentevibrationale.com\/index.php?rest_route=\/wp\/v2\/types\/product"}],"wp:featuredmedia":[{"embeddable":true,"href":"https:\/\/esentevibrationale.com\/index.php?rest_route=\/wp\/v2\/media\/14466"}],"wp:attachment":[{"href":"https:\/\/esentevibrationale.com\/index.php?rest_route=%2Fwp%2Fv2%2Fmedia&parent=1982"}],"wp:term":[{"taxonomy":"product_brand","embeddable":true,"href":"https:\/\/esentevibrationale.com\/index.php?rest_route=%2Fwp%2Fv2%2Fproduct_brand&post=1982"},{"taxonomy":"product_cat","embeddable":true,"href":"https:\/\/esentevibrationale.com\/index.php?rest_route=%2Fwp%2Fv2%2Fproduct_cat&post=1982"},{"taxonomy":"product_tag","embeddable":true,"href":"https:\/\/esentevibrationale.com\/index.php?rest_route=%2Fwp%2Fv2%2Fproduct_tag&post=1982"}],"curies":[{"name":"wp","href":"https:\/\/api.w.org\/{rel}","templated":true}]}}