{"id":1986,"date":"2018-11-19T17:07:27","date_gmt":"2018-11-19T16:07:27","guid":{"rendered":"https:\/\/phiessences.com\/Romania\/?post_type=product&#038;p=1986"},"modified":"2026-01-03T18:02:23","modified_gmt":"2026-01-03T16:02:23","slug":"mars-marte","status":"publish","type":"product","link":"https:\/\/esentevibrationale.com\/?product=mars-marte","title":{"rendered":"Mars \/ Marte"},"content":{"rendered":"<p>Ne permite s\u0103 &#8222;lupt\u0103m lupta cea bun\u0103&#8221;, atunci c\u00e2nd trebuie s\u0103 ne \u00eent\u0103reasc\u0103 curajul \u015fi hot\u0103r\u00e2rea de a rezolva \u015fi ap\u01cera ceea ce credem, toate \u00eentr-un mod pozitiv. De asemenea, ne ajut\u0103 la restabilirea energiei for\u0163ei noastre vitale, atunci c\u00e2nd suntem epuiza\u0163i \u015fi extenua\u0163i.<\/p>\n","protected":false},"excerpt":{"rendered":"<p>Ne permite s\u0103 &#8222;lupt\u0103m lupta cea bun\u0103&#8221;, atunci c\u00e2nd trebuie s\u0103 ne \u00eent\u0103reasc\u0103 curajul \u015fi hot\u0103r\u00e2rea de a rezolva \u015fi ap\u01cera ceea ce credem, toate \u00eentr-un mod pozitiv. De asemenea, ne ajut\u0103 la restabilirea energiei for\u0163ei noastre vitale, atunci c\u00e2nd suntem epuiza\u0163i \u015fi extenua\u0163i.<\/p>\n","protected":false},"featured_media":4105,"template":"","meta":[],"product_brand":[],"product_cat":[51],"product_tag":[],"class_list":{"0":"post-1986","1":"product","2":"type-product","3":"status-publish","4":"has-post-thumbnail","6":"product_cat-esentele-de-planete","7":"pa_size-15ml","8":"pa_size-30ml","10":"first","11":"instock","12":"shipping-taxable","13":"purchasable","14":"product-type-variable","15":"has-default-attributes"},"_links":{"self":[{"href":"https:\/\/esentevibrationale.com\/index.php?rest_route=\/wp\/v2\/product\/1986","targetHints":{"allow":["GET"]}}],"collection":[{"href":"https:\/\/esentevibrationale.com\/index.php?rest_route=\/wp\/v2\/product"}],"about":[{"href":"https:\/\/esentevibrationale.com\/index.php?rest_route=\/wp\/v2\/types\/product"}],"wp:featuredmedia":[{"embeddable":true,"href":"https:\/\/esentevibrationale.com\/index.php?rest_route=\/wp\/v2\/media\/4105"}],"wp:attachment":[{"href":"https:\/\/esentevibrationale.com\/index.php?rest_route=%2Fwp%2Fv2%2Fmedia&parent=1986"}],"wp:term":[{"taxonomy":"product_brand","embeddable":true,"href":"https:\/\/esentevibrationale.com\/index.php?rest_route=%2Fwp%2Fv2%2Fproduct_brand&post=1986"},{"taxonomy":"product_cat","embeddable":true,"href":"https:\/\/esentevibrationale.com\/index.php?rest_route=%2Fwp%2Fv2%2Fproduct_cat&post=1986"},{"taxonomy":"product_tag","embeddable":true,"href":"https:\/\/esentevibrationale.com\/index.php?rest_route=%2Fwp%2Fv2%2Fproduct_tag&post=1986"}],"curies":[{"name":"wp","href":"https:\/\/api.w.org\/{rel}","templated":true}]}}