{"id":1990,"date":"2018-11-19T17:12:33","date_gmt":"2018-11-19T16:12:33","guid":{"rendered":"https:\/\/phiessences.com\/Romania\/?post_type=product&#038;p=1990"},"modified":"2026-01-03T18:03:08","modified_gmt":"2026-01-03T16:03:08","slug":"mercury-mercur","status":"publish","type":"product","link":"https:\/\/esentevibrationale.com\/?product=mercury-mercur","title":{"rendered":"Mercury \/ Mercur"},"content":{"rendered":"<p>Ne ajut\u0103 s\u0103 recunoa\u015ftem adev\u0103rul universal \u015fi s\u0103 \u00eel punem deasupra dorin\u0163elor personale sau cuno\u015ftiin\u0163elor limitate. Aceast\u0103 esen\u0163\u0103 \u00eembun\u0103t\u0103\u0163e\u015fte, de asemenea, capacitatea noastr\u0103 de a \u00eenv\u0103\u0163a \u015fi de a comunica ceea ce \u015ftim. Poate fi de ajutor \u00eenainte de a avea examene sau de a merge la un interviu, de exemplu.<\/p>\n","protected":false},"excerpt":{"rendered":"<p>Ne ajut\u0103 s\u0103 recunoa\u015ftem adev\u0103rul universal \u015fi s\u0103 \u00eel punem deasupra dorin\u0163elor personale sau cuno\u015ftiin\u0163elor limitate. Aceast\u0103 esen\u0163\u0103 \u00eembun\u0103t\u0103\u0163e\u015fte, de asemenea, capacitatea noastr\u0103 de a \u00eenv\u0103\u0163a \u015fi de a comunica ceea ce \u015ftim. Poate fi de ajutor \u00eenainte de a avea examene sau de a merge la un interviu, de exemplu.<\/p>\n","protected":false},"featured_media":1993,"template":"","meta":[],"product_brand":[],"product_cat":[51],"product_tag":[],"class_list":{"0":"post-1990","1":"product","2":"type-product","3":"status-publish","4":"has-post-thumbnail","6":"product_cat-esentele-de-planete","7":"pa_size-15ml","8":"pa_size-30ml","10":"first","11":"instock","12":"shipping-taxable","13":"purchasable","14":"product-type-variable","15":"has-default-attributes"},"_links":{"self":[{"href":"https:\/\/esentevibrationale.com\/index.php?rest_route=\/wp\/v2\/product\/1990","targetHints":{"allow":["GET"]}}],"collection":[{"href":"https:\/\/esentevibrationale.com\/index.php?rest_route=\/wp\/v2\/product"}],"about":[{"href":"https:\/\/esentevibrationale.com\/index.php?rest_route=\/wp\/v2\/types\/product"}],"wp:featuredmedia":[{"embeddable":true,"href":"https:\/\/esentevibrationale.com\/index.php?rest_route=\/wp\/v2\/media\/1993"}],"wp:attachment":[{"href":"https:\/\/esentevibrationale.com\/index.php?rest_route=%2Fwp%2Fv2%2Fmedia&parent=1990"}],"wp:term":[{"taxonomy":"product_brand","embeddable":true,"href":"https:\/\/esentevibrationale.com\/index.php?rest_route=%2Fwp%2Fv2%2Fproduct_brand&post=1990"},{"taxonomy":"product_cat","embeddable":true,"href":"https:\/\/esentevibrationale.com\/index.php?rest_route=%2Fwp%2Fv2%2Fproduct_cat&post=1990"},{"taxonomy":"product_tag","embeddable":true,"href":"https:\/\/esentevibrationale.com\/index.php?rest_route=%2Fwp%2Fv2%2Fproduct_tag&post=1990"}],"curies":[{"name":"wp","href":"https:\/\/api.w.org\/{rel}","templated":true}]}}