{"id":1994,"date":"2018-11-19T17:16:04","date_gmt":"2018-11-19T16:16:04","guid":{"rendered":"https:\/\/phiessences.com\/Romania\/?post_type=product&#038;p=1994"},"modified":"2026-01-03T18:23:28","modified_gmt":"2026-01-03T16:23:28","slug":"neptun","status":"publish","type":"product","link":"https:\/\/esentevibrationale.com\/?product=neptun","title":{"rendered":"Neptun"},"content":{"rendered":"<p>Aceast\u0103 esen\u0163\u0103 armonizeaz\u01ce corpul, mintea \u015fi spiritul, se dezvolt\u0103 o starea de spirit calm\u0103, vis\u0103toare, \u00a0care permite for\u0163ei noastre de via\u0163\u0103 s\u0103 curg\u0103 mai u\u015for, \u00eentruc\u00e2t esen\u0163a spal\u0103 \u00eencet blocajele energetice. Este bun\u0103 pentru relaxare \u015fi medita\u0163ie.<\/p>\n","protected":false},"excerpt":{"rendered":"<p>Aceast\u0103 esen\u0163\u0103 armonizeaz\u01ce corpul, mintea \u015fi spiritul, se dezvolt\u0103 o starea de spirit calm\u0103, vis\u0103toare, \u00a0care permite for\u0163ei noastre de via\u0163\u0103 s\u0103 curg\u0103 mai u\u015for, \u00eentruc\u00e2t esen\u0163a spal\u0103 \u00eencet blocajele energetice. Este bun\u0103 pentru relaxare \u015fi medita\u0163ie.<\/p>\n","protected":false},"featured_media":1995,"template":"","meta":[],"product_brand":[],"product_cat":[51],"product_tag":[],"class_list":{"0":"post-1994","1":"product","2":"type-product","3":"status-publish","4":"has-post-thumbnail","6":"product_cat-esentele-de-planete","7":"pa_size-15ml","8":"pa_size-30ml","10":"first","11":"instock","12":"shipping-taxable","13":"purchasable","14":"product-type-variable","15":"has-default-attributes"},"_links":{"self":[{"href":"https:\/\/esentevibrationale.com\/index.php?rest_route=\/wp\/v2\/product\/1994","targetHints":{"allow":["GET"]}}],"collection":[{"href":"https:\/\/esentevibrationale.com\/index.php?rest_route=\/wp\/v2\/product"}],"about":[{"href":"https:\/\/esentevibrationale.com\/index.php?rest_route=\/wp\/v2\/types\/product"}],"wp:featuredmedia":[{"embeddable":true,"href":"https:\/\/esentevibrationale.com\/index.php?rest_route=\/wp\/v2\/media\/1995"}],"wp:attachment":[{"href":"https:\/\/esentevibrationale.com\/index.php?rest_route=%2Fwp%2Fv2%2Fmedia&parent=1994"}],"wp:term":[{"taxonomy":"product_brand","embeddable":true,"href":"https:\/\/esentevibrationale.com\/index.php?rest_route=%2Fwp%2Fv2%2Fproduct_brand&post=1994"},{"taxonomy":"product_cat","embeddable":true,"href":"https:\/\/esentevibrationale.com\/index.php?rest_route=%2Fwp%2Fv2%2Fproduct_cat&post=1994"},{"taxonomy":"product_tag","embeddable":true,"href":"https:\/\/esentevibrationale.com\/index.php?rest_route=%2Fwp%2Fv2%2Fproduct_tag&post=1994"}],"curies":[{"name":"wp","href":"https:\/\/api.w.org\/{rel}","templated":true}]}}