{"id":1996,"date":"2018-11-19T17:20:57","date_gmt":"2018-11-19T16:20:57","guid":{"rendered":"https:\/\/phiessences.com\/Romania\/?post_type=product&#038;p=1996"},"modified":"2026-01-03T18:38:19","modified_gmt":"2026-01-03T16:38:19","slug":"pluto","status":"publish","type":"product","link":"https:\/\/esentevibrationale.com\/?product=pluto","title":{"rendered":"Pluto"},"content":{"rendered":"<p>Ne ajut\u0103 s\u0103 ne recunoa\u015ftem \u015fi s\u0103 integr\u0103m aceste sentimente mistice, care deriv\u0103 din mintea noastr\u0103 subcon\u015ftient\u0103. Atunci c\u00e2nd ne confrunt\u0103m cu \u00eentreb\u0103ri grele filozofice, cum ar fi sensul vie\u0163ii \u015fi al mor\u0163ii sau de ce se \u00eent\u00e2mpl\u0103 lucruri rele oamenilor buni, utilizarea acesteia ne poate ajuta s\u0103 ob\u0163inem noi perspective. De asemenea, poate ajuta oamenii prea materiali\u015fti s\u0103 se elibereze de ata\u015famentele lume\u015fti.<\/p>\n","protected":false},"excerpt":{"rendered":"<p>Ne ajut\u0103 s\u0103 ne recunoa\u015ftem \u015fi s\u0103 integr\u0103m aceste sentimente mistice, care deriv\u0103 din mintea noastr\u0103 subcon\u015ftient\u0103. Atunci c\u00e2nd ne confrunt\u0103m cu \u00eentreb\u0103ri grele filozofice, cum ar fi sensul vie\u0163ii \u015fi al mor\u0163ii sau de ce se \u00eent\u00e2mpl\u0103 lucruri rele oamenilor buni, utilizarea acesteia ne poate ajuta s\u0103 ob\u0163inem noi perspective. De asemenea, poate ajuta &hellip; <a href=\"https:\/\/esentevibrationale.com\/?product=pluto\" class=\"more-link\">Continu\u0103 lectura <span class=\"screen-reader-text\">Pluto<\/span> <span class=\"meta-nav\">&rarr;<\/span><\/a><\/p>\n","protected":false},"featured_media":1999,"template":"","meta":[],"product_brand":[],"product_cat":[51],"product_tag":[],"class_list":{"0":"post-1996","1":"product","2":"type-product","3":"status-publish","4":"has-post-thumbnail","6":"product_cat-esentele-de-planete","7":"pa_size-15ml","8":"pa_size-30ml","10":"first","11":"instock","12":"shipping-taxable","13":"purchasable","14":"product-type-variable","15":"has-default-attributes"},"_links":{"self":[{"href":"https:\/\/esentevibrationale.com\/index.php?rest_route=\/wp\/v2\/product\/1996","targetHints":{"allow":["GET"]}}],"collection":[{"href":"https:\/\/esentevibrationale.com\/index.php?rest_route=\/wp\/v2\/product"}],"about":[{"href":"https:\/\/esentevibrationale.com\/index.php?rest_route=\/wp\/v2\/types\/product"}],"wp:featuredmedia":[{"embeddable":true,"href":"https:\/\/esentevibrationale.com\/index.php?rest_route=\/wp\/v2\/media\/1999"}],"wp:attachment":[{"href":"https:\/\/esentevibrationale.com\/index.php?rest_route=%2Fwp%2Fv2%2Fmedia&parent=1996"}],"wp:term":[{"taxonomy":"product_brand","embeddable":true,"href":"https:\/\/esentevibrationale.com\/index.php?rest_route=%2Fwp%2Fv2%2Fproduct_brand&post=1996"},{"taxonomy":"product_cat","embeddable":true,"href":"https:\/\/esentevibrationale.com\/index.php?rest_route=%2Fwp%2Fv2%2Fproduct_cat&post=1996"},{"taxonomy":"product_tag","embeddable":true,"href":"https:\/\/esentevibrationale.com\/index.php?rest_route=%2Fwp%2Fv2%2Fproduct_tag&post=1996"}],"curies":[{"name":"wp","href":"https:\/\/api.w.org\/{rel}","templated":true}]}}