{"id":2000,"date":"2018-11-19T17:26:12","date_gmt":"2018-11-19T16:26:12","guid":{"rendered":"https:\/\/phiessences.com\/Romania\/?post_type=product&#038;p=2000"},"modified":"2026-01-03T18:39:16","modified_gmt":"2026-01-03T16:39:16","slug":"sturn","status":"publish","type":"product","link":"https:\/\/esentevibrationale.com\/?product=sturn","title":{"rendered":"Saturn"},"content":{"rendered":"<p>Are un efect de eliberare \u015fi ne aduce o \u00een\u0163elegere profund\u0103 a legii cauza \u015fi efect sau karma. Devenim mai con\u015ftien\u0163i de karma acumulat\u0103, care rezult\u0103 din sentimentele \u015fi ac\u0163iunile trecute \u015fi suntem capabili s\u0103 le dizolv\u0103m cu dragoste, astfel deschiz\u00e2ndu-ne pe noi \u00een\u015fine, pentru a fi capabili s\u0103 tr\u0103im con\u015ftient, aici \u015fi acum.<\/p>\n","protected":false},"excerpt":{"rendered":"<p>Are un efect de eliberare \u015fi ne aduce o \u00een\u0163elegere profund\u0103 a legii cauza \u015fi efect sau karma. Devenim mai con\u015ftien\u0163i de karma acumulat\u0103, care rezult\u0103 din sentimentele \u015fi ac\u0163iunile trecute \u015fi suntem capabili s\u0103 le dizolv\u0103m cu dragoste, astfel deschiz\u00e2ndu-ne pe noi \u00een\u015fine, pentru a fi capabili s\u0103 tr\u0103im con\u015ftient, aici \u015fi acum.<\/p>\n","protected":false},"featured_media":2003,"template":"","meta":[],"product_brand":[],"product_cat":[51],"product_tag":[],"class_list":{"0":"post-2000","1":"product","2":"type-product","3":"status-publish","4":"has-post-thumbnail","6":"product_cat-esentele-de-planete","7":"pa_size-15ml","8":"pa_size-30ml","10":"first","11":"instock","12":"shipping-taxable","13":"purchasable","14":"product-type-variable","15":"has-default-attributes"},"_links":{"self":[{"href":"https:\/\/esentevibrationale.com\/index.php?rest_route=\/wp\/v2\/product\/2000","targetHints":{"allow":["GET"]}}],"collection":[{"href":"https:\/\/esentevibrationale.com\/index.php?rest_route=\/wp\/v2\/product"}],"about":[{"href":"https:\/\/esentevibrationale.com\/index.php?rest_route=\/wp\/v2\/types\/product"}],"wp:featuredmedia":[{"embeddable":true,"href":"https:\/\/esentevibrationale.com\/index.php?rest_route=\/wp\/v2\/media\/2003"}],"wp:attachment":[{"href":"https:\/\/esentevibrationale.com\/index.php?rest_route=%2Fwp%2Fv2%2Fmedia&parent=2000"}],"wp:term":[{"taxonomy":"product_brand","embeddable":true,"href":"https:\/\/esentevibrationale.com\/index.php?rest_route=%2Fwp%2Fv2%2Fproduct_brand&post=2000"},{"taxonomy":"product_cat","embeddable":true,"href":"https:\/\/esentevibrationale.com\/index.php?rest_route=%2Fwp%2Fv2%2Fproduct_cat&post=2000"},{"taxonomy":"product_tag","embeddable":true,"href":"https:\/\/esentevibrationale.com\/index.php?rest_route=%2Fwp%2Fv2%2Fproduct_tag&post=2000"}],"curies":[{"name":"wp","href":"https:\/\/api.w.org\/{rel}","templated":true}]}}