{"id":2005,"date":"2018-11-19T17:32:33","date_gmt":"2018-11-19T16:32:33","guid":{"rendered":"https:\/\/phiessences.com\/Romania\/?post_type=product&#038;p=2005"},"modified":"2026-01-03T18:41:17","modified_gmt":"2026-01-03T16:41:17","slug":"sun-soarele","status":"publish","type":"product","link":"https:\/\/esentevibrationale.com\/?product=sun-soarele","title":{"rendered":"Sun \/ Soarele"},"content":{"rendered":"<p>Esen\u0163a de masculinitate sau paternitatea contrapunct al Lunii. Limpeze\u015fte mintea, ne permite s\u0103 vedem \u00een mod clar \u015fi ne conecteaz\u01ce cu Sursa sau Dumnezeu.<\/p>\n","protected":false},"excerpt":{"rendered":"<p>Esen\u0163a de masculinitate sau paternitatea contrapunct al Lunii. Limpeze\u015fte mintea, ne permite s\u0103 vedem \u00een mod clar \u015fi ne conecteaz\u01ce cu Sursa sau Dumnezeu.<\/p>\n","protected":false},"featured_media":2008,"template":"","meta":[],"product_brand":[],"product_cat":[51],"product_tag":[],"class_list":{"0":"post-2005","1":"product","2":"type-product","3":"status-publish","4":"has-post-thumbnail","6":"product_cat-esentele-de-planete","7":"pa_size-15ml","8":"pa_size-30ml","10":"first","11":"instock","12":"shipping-taxable","13":"purchasable","14":"product-type-variable","15":"has-default-attributes"},"_links":{"self":[{"href":"https:\/\/esentevibrationale.com\/index.php?rest_route=\/wp\/v2\/product\/2005","targetHints":{"allow":["GET"]}}],"collection":[{"href":"https:\/\/esentevibrationale.com\/index.php?rest_route=\/wp\/v2\/product"}],"about":[{"href":"https:\/\/esentevibrationale.com\/index.php?rest_route=\/wp\/v2\/types\/product"}],"wp:featuredmedia":[{"embeddable":true,"href":"https:\/\/esentevibrationale.com\/index.php?rest_route=\/wp\/v2\/media\/2008"}],"wp:attachment":[{"href":"https:\/\/esentevibrationale.com\/index.php?rest_route=%2Fwp%2Fv2%2Fmedia&parent=2005"}],"wp:term":[{"taxonomy":"product_brand","embeddable":true,"href":"https:\/\/esentevibrationale.com\/index.php?rest_route=%2Fwp%2Fv2%2Fproduct_brand&post=2005"},{"taxonomy":"product_cat","embeddable":true,"href":"https:\/\/esentevibrationale.com\/index.php?rest_route=%2Fwp%2Fv2%2Fproduct_cat&post=2005"},{"taxonomy":"product_tag","embeddable":true,"href":"https:\/\/esentevibrationale.com\/index.php?rest_route=%2Fwp%2Fv2%2Fproduct_tag&post=2005"}],"curies":[{"name":"wp","href":"https:\/\/api.w.org\/{rel}","templated":true}]}}