{"id":2011,"date":"2018-11-19T17:44:18","date_gmt":"2018-11-19T16:44:18","guid":{"rendered":"https:\/\/phiessences.com\/Romania\/?post_type=product&#038;p=2011"},"modified":"2026-01-03T18:32:28","modified_gmt":"2026-01-03T16:32:28","slug":"venus","status":"publish","type":"product","link":"https:\/\/esentevibrationale.com\/?product=venus","title":{"rendered":"Venus"},"content":{"rendered":"<p>Corespunde principiului feminin. Ne ajut\u0103 s\u0103 ne conect\u0103m feminitatea noastr\u0103, partea receptiv\u0103 \u015fi s\u0103 ne echilibr\u0103m c\u00e2mpul nostru de energiei, permi\u0163\u00e2nd astfel frumuse\u0163ii interioare \u015fi armoniei s\u0103 str\u0103luciasc\u0103 mai departe.<\/p>\n","protected":false},"excerpt":{"rendered":"<p>Corespunde principiului feminin. Ne ajut\u0103 s\u0103 ne conect\u0103m feminitatea noastr\u0103, partea receptiv\u0103 \u015fi s\u0103 ne echilibr\u0103m c\u00e2mpul nostru de energiei, permi\u0163\u00e2nd astfel frumuse\u0163ii interioare \u015fi armoniei s\u0103 str\u0103luciasc\u0103 mai departe.<\/p>\n","protected":false},"featured_media":2014,"template":"","meta":[],"product_brand":[],"product_cat":[51],"product_tag":[],"class_list":{"0":"post-2011","1":"product","2":"type-product","3":"status-publish","4":"has-post-thumbnail","6":"product_cat-esentele-de-planete","7":"pa_size-15ml","8":"pa_size-30ml","10":"first","11":"instock","12":"shipping-taxable","13":"purchasable","14":"product-type-variable","15":"has-default-attributes"},"_links":{"self":[{"href":"https:\/\/esentevibrationale.com\/index.php?rest_route=\/wp\/v2\/product\/2011","targetHints":{"allow":["GET"]}}],"collection":[{"href":"https:\/\/esentevibrationale.com\/index.php?rest_route=\/wp\/v2\/product"}],"about":[{"href":"https:\/\/esentevibrationale.com\/index.php?rest_route=\/wp\/v2\/types\/product"}],"wp:featuredmedia":[{"embeddable":true,"href":"https:\/\/esentevibrationale.com\/index.php?rest_route=\/wp\/v2\/media\/2014"}],"wp:attachment":[{"href":"https:\/\/esentevibrationale.com\/index.php?rest_route=%2Fwp%2Fv2%2Fmedia&parent=2011"}],"wp:term":[{"taxonomy":"product_brand","embeddable":true,"href":"https:\/\/esentevibrationale.com\/index.php?rest_route=%2Fwp%2Fv2%2Fproduct_brand&post=2011"},{"taxonomy":"product_cat","embeddable":true,"href":"https:\/\/esentevibrationale.com\/index.php?rest_route=%2Fwp%2Fv2%2Fproduct_cat&post=2011"},{"taxonomy":"product_tag","embeddable":true,"href":"https:\/\/esentevibrationale.com\/index.php?rest_route=%2Fwp%2Fv2%2Fproduct_tag&post=2011"}],"curies":[{"name":"wp","href":"https:\/\/api.w.org\/{rel}","templated":true}]}}