{"id":2022,"date":"2018-11-22T07:25:38","date_gmt":"2018-11-22T06:25:38","guid":{"rendered":"https:\/\/phiessences.com\/Romania\/?post_type=product&#038;p=2022"},"modified":"2024-12-21T08:14:26","modified_gmt":"2024-12-21T06:14:26","slug":"esentele-de-pleiade-nr-1","status":"publish","type":"product","link":"https:\/\/esentevibrationale.com\/?product=esentele-de-pleiade-nr-1","title":{"rendered":"Esen\u0163ele de Pleiade Nr. 1"},"content":{"rendered":"<p><strong>Conectare<\/strong><\/p>\n<ul>\n<li>\u020amp\u0103m\u00e2ntarea noastr\u0103 este mai bun\u0103, picioarele \u015fi ancorele sunt mai puternice<\/li>\n<li>Cel de-al treile ochi \u015fi baza nasului sunt activate<\/li>\n<li>Face o conectare cu partea superioar\u0103<\/li>\n<\/ul>\n","protected":false},"excerpt":{"rendered":"<p>Conectare \u020amp\u0103m\u00e2ntarea noastr\u0103 este mai bun\u0103, picioarele \u015fi ancorele sunt mai puternice Cel de-al treile ochi \u015fi baza nasului sunt activate Face o conectare cu partea superioar\u0103<\/p>\n","protected":false},"featured_media":2025,"template":"","meta":[],"product_brand":[],"product_cat":[52],"product_tag":[],"class_list":{"0":"post-2022","1":"product","2":"type-product","3":"status-publish","4":"has-post-thumbnail","6":"product_cat-esente-de-pleiade","7":"pa_size-15ml","8":"pa_size-30ml","10":"first","11":"instock","12":"shipping-taxable","13":"purchasable","14":"product-type-variable","15":"has-default-attributes"},"_links":{"self":[{"href":"https:\/\/esentevibrationale.com\/index.php?rest_route=\/wp\/v2\/product\/2022","targetHints":{"allow":["GET"]}}],"collection":[{"href":"https:\/\/esentevibrationale.com\/index.php?rest_route=\/wp\/v2\/product"}],"about":[{"href":"https:\/\/esentevibrationale.com\/index.php?rest_route=\/wp\/v2\/types\/product"}],"wp:featuredmedia":[{"embeddable":true,"href":"https:\/\/esentevibrationale.com\/index.php?rest_route=\/wp\/v2\/media\/2025"}],"wp:attachment":[{"href":"https:\/\/esentevibrationale.com\/index.php?rest_route=%2Fwp%2Fv2%2Fmedia&parent=2022"}],"wp:term":[{"taxonomy":"product_brand","embeddable":true,"href":"https:\/\/esentevibrationale.com\/index.php?rest_route=%2Fwp%2Fv2%2Fproduct_brand&post=2022"},{"taxonomy":"product_cat","embeddable":true,"href":"https:\/\/esentevibrationale.com\/index.php?rest_route=%2Fwp%2Fv2%2Fproduct_cat&post=2022"},{"taxonomy":"product_tag","embeddable":true,"href":"https:\/\/esentevibrationale.com\/index.php?rest_route=%2Fwp%2Fv2%2Fproduct_tag&post=2022"}],"curies":[{"name":"wp","href":"https:\/\/api.w.org\/{rel}","templated":true}]}}