{"id":2026,"date":"2018-11-22T07:27:09","date_gmt":"2018-11-22T06:27:09","guid":{"rendered":"https:\/\/phiessences.com\/Romania\/?post_type=product&#038;p=2026"},"modified":"2024-12-21T08:16:52","modified_gmt":"2024-12-21T06:16:52","slug":"esentele-de-pleiade-nr-2","status":"publish","type":"product","link":"https:\/\/esentevibrationale.com\/?product=esentele-de-pleiade-nr-2","title":{"rendered":"Esen\u0163ele de Pleiade Nr. 2"},"content":{"rendered":"<p><strong>Dep\u0103\u015firea Egoului<\/strong><\/p>\n<ul>\n<li>Activeaz\u0103 plexul solar<\/li>\n<li>Echilibreaz\u0103 energiile plexului solar, referitoare egoului<\/li>\n<li>Ne elibereaz\u0103 de a\u015ftept\u0103ri \u015fi consolideaz\u0103 percep\u0163ia de sine<\/li>\n<\/ul>\n","protected":false},"excerpt":{"rendered":"<p>Dep\u0103\u015firea Egoului Activeaz\u0103 plexul solar Echilibreaz\u0103 energiile plexului solar, referitoare egoului Ne elibereaz\u0103 de a\u015ftept\u0103ri \u015fi consolideaz\u0103 percep\u0163ia de sine<\/p>\n","protected":false},"featured_media":2029,"template":"","meta":[],"product_brand":[],"product_cat":[52],"product_tag":[],"class_list":{"0":"post-2026","1":"product","2":"type-product","3":"status-publish","4":"has-post-thumbnail","6":"product_cat-esente-de-pleiade","7":"pa_size-15ml","8":"pa_size-30ml","10":"first","11":"instock","12":"shipping-taxable","13":"purchasable","14":"product-type-variable","15":"has-default-attributes"},"_links":{"self":[{"href":"https:\/\/esentevibrationale.com\/index.php?rest_route=\/wp\/v2\/product\/2026","targetHints":{"allow":["GET"]}}],"collection":[{"href":"https:\/\/esentevibrationale.com\/index.php?rest_route=\/wp\/v2\/product"}],"about":[{"href":"https:\/\/esentevibrationale.com\/index.php?rest_route=\/wp\/v2\/types\/product"}],"wp:featuredmedia":[{"embeddable":true,"href":"https:\/\/esentevibrationale.com\/index.php?rest_route=\/wp\/v2\/media\/2029"}],"wp:attachment":[{"href":"https:\/\/esentevibrationale.com\/index.php?rest_route=%2Fwp%2Fv2%2Fmedia&parent=2026"}],"wp:term":[{"taxonomy":"product_brand","embeddable":true,"href":"https:\/\/esentevibrationale.com\/index.php?rest_route=%2Fwp%2Fv2%2Fproduct_brand&post=2026"},{"taxonomy":"product_cat","embeddable":true,"href":"https:\/\/esentevibrationale.com\/index.php?rest_route=%2Fwp%2Fv2%2Fproduct_cat&post=2026"},{"taxonomy":"product_tag","embeddable":true,"href":"https:\/\/esentevibrationale.com\/index.php?rest_route=%2Fwp%2Fv2%2Fproduct_tag&post=2026"}],"curies":[{"name":"wp","href":"https:\/\/api.w.org\/{rel}","templated":true}]}}