{"id":2030,"date":"2018-11-19T18:56:46","date_gmt":"2018-11-19T17:56:46","guid":{"rendered":"https:\/\/phiessences.com\/Romania\/?post_type=product&#038;p=2030"},"modified":"2024-12-21T08:14:58","modified_gmt":"2024-12-21T06:14:58","slug":"esentele-de-pleiade-nr-3","status":"publish","type":"product","link":"https:\/\/esentevibrationale.com\/?product=esentele-de-pleiade-nr-3","title":{"rendered":"Esen\u0163ele de Pleiade Nr. 3"},"content":{"rendered":"<p><strong>\u020a<\/strong><strong>ncalze\u015fte inima<\/strong><\/p>\n<ul>\n<li>Activeaz\u0103 Chakra inimii \u015fi al treilea ochi<\/li>\n<li>Experiment\u0103m iubirea altruist\u0103, iubirea cosmic\u0103<\/li>\n<li>Posibilitatea de vindecare prin activarea Chakrei inimii<\/li>\n<li>Conecteaz\u0103 iubirea cu \u201ctot ce exist\u0103\u201d<\/li>\n<\/ul>\n","protected":false},"excerpt":{"rendered":"<p>\u020ancalze\u015fte inima Activeaz\u0103 Chakra inimii \u015fi al treilea ochi Experiment\u0103m iubirea altruist\u0103, iubirea cosmic\u0103 Posibilitatea de vindecare prin activarea Chakrei inimii Conecteaz\u0103 iubirea cu \u201ctot ce exist\u0103\u201d<\/p>\n","protected":false},"featured_media":2033,"template":"","meta":[],"product_brand":[],"product_cat":[52],"product_tag":[],"class_list":{"0":"post-2030","1":"product","2":"type-product","3":"status-publish","4":"has-post-thumbnail","6":"product_cat-esente-de-pleiade","7":"pa_size-15ml","8":"pa_size-30ml","10":"first","11":"instock","12":"shipping-taxable","13":"purchasable","14":"product-type-variable","15":"has-default-attributes"},"_links":{"self":[{"href":"https:\/\/esentevibrationale.com\/index.php?rest_route=\/wp\/v2\/product\/2030","targetHints":{"allow":["GET"]}}],"collection":[{"href":"https:\/\/esentevibrationale.com\/index.php?rest_route=\/wp\/v2\/product"}],"about":[{"href":"https:\/\/esentevibrationale.com\/index.php?rest_route=\/wp\/v2\/types\/product"}],"wp:featuredmedia":[{"embeddable":true,"href":"https:\/\/esentevibrationale.com\/index.php?rest_route=\/wp\/v2\/media\/2033"}],"wp:attachment":[{"href":"https:\/\/esentevibrationale.com\/index.php?rest_route=%2Fwp%2Fv2%2Fmedia&parent=2030"}],"wp:term":[{"taxonomy":"product_brand","embeddable":true,"href":"https:\/\/esentevibrationale.com\/index.php?rest_route=%2Fwp%2Fv2%2Fproduct_brand&post=2030"},{"taxonomy":"product_cat","embeddable":true,"href":"https:\/\/esentevibrationale.com\/index.php?rest_route=%2Fwp%2Fv2%2Fproduct_cat&post=2030"},{"taxonomy":"product_tag","embeddable":true,"href":"https:\/\/esentevibrationale.com\/index.php?rest_route=%2Fwp%2Fv2%2Fproduct_tag&post=2030"}],"curies":[{"name":"wp","href":"https:\/\/api.w.org\/{rel}","templated":true}]}}