{"id":2034,"date":"2018-11-19T19:15:19","date_gmt":"2018-11-19T18:15:19","guid":{"rendered":"https:\/\/phiessences.com\/Romania\/?post_type=product&#038;p=2034"},"modified":"2024-12-21T08:16:19","modified_gmt":"2024-12-21T06:16:19","slug":"esentele-de-pleiade-nr-4","status":"publish","type":"product","link":"https:\/\/esentevibrationale.com\/?product=esentele-de-pleiade-nr-4","title":{"rendered":"Esen\u0163ele de Pleiade Nr. 4"},"content":{"rendered":"<p><strong>Exprimarea c<\/strong><strong>uv\u00e2ntului<\/strong><\/p>\n<ul>\n<li>Activeaz\u0103 Chakrele a cincea \u015fi \u015fasea<\/li>\n<li>Elibereaz\u0103 blocajele de la Chakra g\u00e2tului<\/li>\n<li>Ne ajut\u0103 s\u0103 ne exprim\u0103m pe noi \u00een\u015fine, echilibreaz\u0103 lucrurile nespuse, ne ajut\u0103 s\u0103 fim noi \u00een\u015fine<\/li>\n<li>Ne ajut\u0103 s\u0103 g\u0103sim nivelul nostru, \u00een acord cu dezvoltarea noastr\u0103 \u015fi s\u0103 \u00een\u0163elegem puterea creativ\u0103 a cuvintelor \u00een univers<\/li>\n<\/ul>\n","protected":false},"excerpt":{"rendered":"<p>Exprimarea cuv\u00e2ntului Activeaz\u0103 Chakrele a cincea \u015fi \u015fasea Elibereaz\u0103 blocajele de la Chakra g\u00e2tului Ne ajut\u0103 s\u0103 ne exprim\u0103m pe noi \u00een\u015fine, echilibreaz\u0103 lucrurile nespuse, ne ajut\u0103 s\u0103 fim noi \u00een\u015fine Ne ajut\u0103 s\u0103 g\u0103sim nivelul nostru, \u00een acord cu dezvoltarea noastr\u0103 \u015fi s\u0103 \u00een\u0163elegem puterea creativ\u0103 a cuvintelor \u00een univers<\/p>\n","protected":false},"featured_media":2037,"template":"","meta":[],"product_brand":[],"product_cat":[52],"product_tag":[],"class_list":{"0":"post-2034","1":"product","2":"type-product","3":"status-publish","4":"has-post-thumbnail","6":"product_cat-esente-de-pleiade","7":"pa_size-15ml","8":"pa_size-30ml","10":"first","11":"instock","12":"shipping-taxable","13":"purchasable","14":"product-type-variable","15":"has-default-attributes"},"_links":{"self":[{"href":"https:\/\/esentevibrationale.com\/index.php?rest_route=\/wp\/v2\/product\/2034","targetHints":{"allow":["GET"]}}],"collection":[{"href":"https:\/\/esentevibrationale.com\/index.php?rest_route=\/wp\/v2\/product"}],"about":[{"href":"https:\/\/esentevibrationale.com\/index.php?rest_route=\/wp\/v2\/types\/product"}],"wp:featuredmedia":[{"embeddable":true,"href":"https:\/\/esentevibrationale.com\/index.php?rest_route=\/wp\/v2\/media\/2037"}],"wp:attachment":[{"href":"https:\/\/esentevibrationale.com\/index.php?rest_route=%2Fwp%2Fv2%2Fmedia&parent=2034"}],"wp:term":[{"taxonomy":"product_brand","embeddable":true,"href":"https:\/\/esentevibrationale.com\/index.php?rest_route=%2Fwp%2Fv2%2Fproduct_brand&post=2034"},{"taxonomy":"product_cat","embeddable":true,"href":"https:\/\/esentevibrationale.com\/index.php?rest_route=%2Fwp%2Fv2%2Fproduct_cat&post=2034"},{"taxonomy":"product_tag","embeddable":true,"href":"https:\/\/esentevibrationale.com\/index.php?rest_route=%2Fwp%2Fv2%2Fproduct_tag&post=2034"}],"curies":[{"name":"wp","href":"https:\/\/api.w.org\/{rel}","templated":true}]}}