{"id":2038,"date":"2018-11-20T06:31:55","date_gmt":"2018-11-20T05:31:55","guid":{"rendered":"https:\/\/phiessences.com\/Romania\/?post_type=product&#038;p=2038"},"modified":"2024-12-21T08:15:48","modified_gmt":"2024-12-21T06:15:48","slug":"esentele-de-pleiade-nr-5","status":"publish","type":"product","link":"https:\/\/esentevibrationale.com\/?product=esentele-de-pleiade-nr-5","title":{"rendered":"Esen\u0163ele de Pleiade Nr. 5"},"content":{"rendered":"<p><strong>Complexitatea min\u0163ii<\/strong><\/p>\n<ul>\n<li>Conecteaz\u0103 neuronii<\/li>\n<li>Cre\u015fte con\u015ftientizarea<\/li>\n<li>Experien\u0163a noile dimensiuni<\/li>\n<li>Apari\u0163ia viziunii interioare a universului<\/li>\n<li>Cunoa\u015fterea unit\u0103\u0163ii \u015fi complexit\u0103\u0163ii vie\u0163ii, ADN-ului, universului<\/li>\n<li>Percep\u0163ia crea\u0163iei lui Dumezeu \u00een natur\u0103, cheia experien\u0163ei de via\u0163\u0103 a modestiei profunde<\/li>\n<\/ul>\n","protected":false},"excerpt":{"rendered":"<p>Complexitatea min\u0163ii Conecteaz\u0103 neuronii Cre\u015fte con\u015ftientizarea Experien\u0163a noile dimensiuni Apari\u0163ia viziunii interioare a universului Cunoa\u015fterea unit\u0103\u0163ii \u015fi complexit\u0103\u0163ii vie\u0163ii, ADN-ului, universului Percep\u0163ia crea\u0163iei lui Dumezeu \u00een natur\u0103, cheia experien\u0163ei de via\u0163\u0103 a modestiei profunde<\/p>\n","protected":false},"featured_media":2041,"template":"","meta":[],"product_brand":[],"product_cat":[52],"product_tag":[],"class_list":{"0":"post-2038","1":"product","2":"type-product","3":"status-publish","4":"has-post-thumbnail","6":"product_cat-esente-de-pleiade","7":"pa_size-15ml","8":"pa_size-30ml","10":"first","11":"instock","12":"shipping-taxable","13":"purchasable","14":"product-type-variable","15":"has-default-attributes"},"_links":{"self":[{"href":"https:\/\/esentevibrationale.com\/index.php?rest_route=\/wp\/v2\/product\/2038","targetHints":{"allow":["GET"]}}],"collection":[{"href":"https:\/\/esentevibrationale.com\/index.php?rest_route=\/wp\/v2\/product"}],"about":[{"href":"https:\/\/esentevibrationale.com\/index.php?rest_route=\/wp\/v2\/types\/product"}],"wp:featuredmedia":[{"embeddable":true,"href":"https:\/\/esentevibrationale.com\/index.php?rest_route=\/wp\/v2\/media\/2041"}],"wp:attachment":[{"href":"https:\/\/esentevibrationale.com\/index.php?rest_route=%2Fwp%2Fv2%2Fmedia&parent=2038"}],"wp:term":[{"taxonomy":"product_brand","embeddable":true,"href":"https:\/\/esentevibrationale.com\/index.php?rest_route=%2Fwp%2Fv2%2Fproduct_brand&post=2038"},{"taxonomy":"product_cat","embeddable":true,"href":"https:\/\/esentevibrationale.com\/index.php?rest_route=%2Fwp%2Fv2%2Fproduct_cat&post=2038"},{"taxonomy":"product_tag","embeddable":true,"href":"https:\/\/esentevibrationale.com\/index.php?rest_route=%2Fwp%2Fv2%2Fproduct_tag&post=2038"}],"curies":[{"name":"wp","href":"https:\/\/api.w.org\/{rel}","templated":true}]}}