{"id":2053,"date":"2018-11-20T07:55:27","date_gmt":"2018-11-20T06:55:27","guid":{"rendered":"https:\/\/phiessences.com\/Romania\/?post_type=product&#038;p=2053"},"modified":"2024-12-22T10:20:40","modified_gmt":"2024-12-22T08:20:40","slug":"2-julia-set-spiral-male-stonehenge-uk-1996-julia-platoul-spiralat-masculin-stonehenge-marea-britanie-1996","status":"publish","type":"product","link":"https:\/\/esentevibrationale.com\/?product=2-julia-set-spiral-male-stonehenge-uk-1996-julia-platoul-spiralat-masculin-stonehenge-marea-britanie-1996","title":{"rendered":"2.) Julia Set Spiral &#8211; Male, Stonehenge, UK (1996) \/ Julia Platoul Spiralat \u2013 Masculin, Stonehenge, Marea Britanie (1996)"},"content":{"rendered":"<p><img loading=\"lazy\" decoding=\"async\" class=\"alignnone size-full wp-image-13847\" src=\"https:\/\/esentevibrationale.com\/wp-content\/uploads\/2018\/11\/nr._2-1.jpg\" alt=\"\" width=\"101\" height=\"300\" \/><\/p>\n<p>Aceast\u0103 forma\u0163iune reprezint\u0103 ADN-ul uman, care este aliniat la noile forme de energie. Ac\u0163ioneaz\u0103 asupra energiei Yang. Consolideaz\u0103 polaritatea noastr\u0103 masculin\u0103. Ne reaminte\u015fte de sacralitatea sexualit\u0103\u0163ii.<\/p>\n","protected":false},"excerpt":{"rendered":"<p>Aceast\u0103 forma\u0163iune reprezint\u0103 ADN-ul uman, care este aliniat la noile forme de energie. Ac\u0163ioneaz\u0103 asupra energiei Yang. Consolideaz\u0103 polaritatea noastr\u0103 masculin\u0103. Ne reaminte\u015fte de sacralitatea sexualit\u0103\u0163ii.<\/p>\n","protected":false},"featured_media":2054,"template":"","meta":[],"product_brand":[],"product_cat":[54],"product_tag":[],"class_list":{"0":"post-2053","1":"product","2":"type-product","3":"status-publish","4":"has-post-thumbnail","6":"product_cat-esentele-crete-cu-ajutorul-energiei-cercurilor-aparute-in-lanurile-de-recolte","7":"pa_size-15ml","8":"pa_size-30ml","10":"first","11":"instock","12":"shipping-taxable","13":"purchasable","14":"product-type-variable","15":"has-default-attributes"},"_links":{"self":[{"href":"https:\/\/esentevibrationale.com\/index.php?rest_route=\/wp\/v2\/product\/2053","targetHints":{"allow":["GET"]}}],"collection":[{"href":"https:\/\/esentevibrationale.com\/index.php?rest_route=\/wp\/v2\/product"}],"about":[{"href":"https:\/\/esentevibrationale.com\/index.php?rest_route=\/wp\/v2\/types\/product"}],"wp:featuredmedia":[{"embeddable":true,"href":"https:\/\/esentevibrationale.com\/index.php?rest_route=\/wp\/v2\/media\/2054"}],"wp:attachment":[{"href":"https:\/\/esentevibrationale.com\/index.php?rest_route=%2Fwp%2Fv2%2Fmedia&parent=2053"}],"wp:term":[{"taxonomy":"product_brand","embeddable":true,"href":"https:\/\/esentevibrationale.com\/index.php?rest_route=%2Fwp%2Fv2%2Fproduct_brand&post=2053"},{"taxonomy":"product_cat","embeddable":true,"href":"https:\/\/esentevibrationale.com\/index.php?rest_route=%2Fwp%2Fv2%2Fproduct_cat&post=2053"},{"taxonomy":"product_tag","embeddable":true,"href":"https:\/\/esentevibrationale.com\/index.php?rest_route=%2Fwp%2Fv2%2Fproduct_tag&post=2053"}],"curies":[{"name":"wp","href":"https:\/\/api.w.org\/{rel}","templated":true}]}}