{"id":2072,"date":"2018-11-20T08:48:24","date_gmt":"2018-11-20T07:48:24","guid":{"rendered":"https:\/\/phiessences.com\/Romania\/?post_type=product&#038;p=2072"},"modified":"2024-12-22T10:19:49","modified_gmt":"2024-12-22T08:19:49","slug":"7-triple-spiral-windmill-hill-uk-1996-spirala-tripla-hill-windmill-marea-britanie-1996","status":"publish","type":"product","link":"https:\/\/esentevibrationale.com\/?product=7-triple-spiral-windmill-hill-uk-1996-spirala-tripla-hill-windmill-marea-britanie-1996","title":{"rendered":"7.) Triple Spiral, Windmill Hill, UK (1996) \/ Spirala Tripl\u0103, Hill Windmill, Marea Britanie (1996)"},"content":{"rendered":"<p><img loading=\"lazy\" decoding=\"async\" class=\"alignnone size-medium wp-image-4210\" src=\"https:\/\/esentevibrationale.com\/wp-content\/uploads\/2018\/11\/nr._7-2-101x300.jpg\" alt=\"\" width=\"101\" height=\"300\" srcset=\"https:\/\/esentevibrationale.com\/wp-content\/uploads\/2018\/11\/nr._7-2-101x300.jpg 101w, https:\/\/esentevibrationale.com\/wp-content\/uploads\/2018\/11\/nr._7-2.jpg 134w\" sizes=\"auto, (max-width: 101px) 100vw, 101px\" \/><\/p>\n<p>Forma\u0163iunea ne conecteaz\u0103 cu puterea vindec\u0103toare a lui Hristos. Ne ofer\u0103 con\u015ftientizarea luminii, con\u015ftientizarea unit\u0103\u0163ii cu sacrul. Esen\u0163a este foarte potrivit\u0103 pentru vindecarea P\u0103m\u00e2ntului.<\/p>\n","protected":false},"excerpt":{"rendered":"<p>Forma\u0163iunea ne conecteaz\u0103 cu puterea vindec\u0103toare a lui Hristos. Ne ofer\u0103 con\u015ftientizarea luminii, con\u015ftientizarea unit\u0103\u0163ii cu sacrul. Esen\u0163a este foarte potrivit\u0103 pentru vindecarea P\u0103m\u00e2ntului.<\/p>\n","protected":false},"featured_media":2075,"template":"","meta":[],"product_brand":[],"product_cat":[54],"product_tag":[],"class_list":{"0":"post-2072","1":"product","2":"type-product","3":"status-publish","4":"has-post-thumbnail","6":"product_cat-esentele-crete-cu-ajutorul-energiei-cercurilor-aparute-in-lanurile-de-recolte","7":"pa_size-15ml","8":"pa_size-30ml","10":"first","11":"instock","12":"shipping-taxable","13":"purchasable","14":"product-type-variable","15":"has-default-attributes"},"_links":{"self":[{"href":"https:\/\/esentevibrationale.com\/index.php?rest_route=\/wp\/v2\/product\/2072","targetHints":{"allow":["GET"]}}],"collection":[{"href":"https:\/\/esentevibrationale.com\/index.php?rest_route=\/wp\/v2\/product"}],"about":[{"href":"https:\/\/esentevibrationale.com\/index.php?rest_route=\/wp\/v2\/types\/product"}],"wp:featuredmedia":[{"embeddable":true,"href":"https:\/\/esentevibrationale.com\/index.php?rest_route=\/wp\/v2\/media\/2075"}],"wp:attachment":[{"href":"https:\/\/esentevibrationale.com\/index.php?rest_route=%2Fwp%2Fv2%2Fmedia&parent=2072"}],"wp:term":[{"taxonomy":"product_brand","embeddable":true,"href":"https:\/\/esentevibrationale.com\/index.php?rest_route=%2Fwp%2Fv2%2Fproduct_brand&post=2072"},{"taxonomy":"product_cat","embeddable":true,"href":"https:\/\/esentevibrationale.com\/index.php?rest_route=%2Fwp%2Fv2%2Fproduct_cat&post=2072"},{"taxonomy":"product_tag","embeddable":true,"href":"https:\/\/esentevibrationale.com\/index.php?rest_route=%2Fwp%2Fv2%2Fproduct_tag&post=2072"}],"curies":[{"name":"wp","href":"https:\/\/api.w.org\/{rel}","templated":true}]}}