{"id":2103,"date":"2018-11-20T10:29:47","date_gmt":"2018-11-20T09:29:47","guid":{"rendered":"https:\/\/phiessences.com\/Romania\/?post_type=product&#038;p=2103"},"modified":"2026-01-08T15:41:09","modified_gmt":"2026-01-08T13:41:09","slug":"12-ant-henwoon-uk-1997-furnica-henwoon-marea-britanie-1997","status":"publish","type":"product","link":"https:\/\/esentevibrationale.com\/?product=12-ant-henwoon-uk-1997-furnica-henwoon-marea-britanie-1997","title":{"rendered":"12.) Ant, Henwoon, UK (1997) \/ Furnica, Henwoon, Marea Britanie (1997)"},"content":{"rendered":"<p><img loading=\"lazy\" decoding=\"async\" class=\"alignnone size-medium wp-image-4216\" src=\"https:\/\/esentevibrationale.com\/wp-content\/uploads\/2018\/11\/nr._12-1-101x300.jpg\" alt=\"\" width=\"101\" height=\"300\" srcset=\"https:\/\/esentevibrationale.com\/wp-content\/uploads\/2018\/11\/nr._12-1-101x300.jpg 101w, https:\/\/esentevibrationale.com\/wp-content\/uploads\/2018\/11\/nr._12-1.jpg 134w\" sizes=\"auto, (max-width: 101px) 100vw, 101px\" \/><\/p>\n<p>Furnica ca simbol al regatului insectelor. Ne acord\u0103 con\u0219tiin\u021b\u0103 pentru evolu\u021bie \u0219i ne permite s\u0103 recunoa\u0219tem\u00a0 faptul c\u0103 totul vine din aceea\u0219i Surs\u0103 Divin\u0103. (Conceptul Indienilor Americani ai Mitakuye Oyasim \u201c cu to\u021bi suntem rude\u201d). Ne ajut\u0103 s\u0103 dezvolt\u0103m respect fa\u021b\u0103 de fiecare stil de via\u021b\u0103.<\/p>\n","protected":false},"excerpt":{"rendered":"<p>Furnica ca simbol al regatului insectelor. Ne acord\u0103 con\u0219tiin\u021b\u0103 pentru evolu\u021bie \u0219i ne permite s\u0103 recunoa\u0219tem\u00a0 faptul c\u0103 totul vine din aceea\u0219i Surs\u0103 Divin\u0103. (Conceptul Indienilor Americani ai Mitakuye Oyasim \u201c cu to\u021bi suntem rude\u201d). Ne ajut\u0103 s\u0103 dezvolt\u0103m respect fa\u021b\u0103 de fiecare stil de via\u021b\u0103.<\/p>\n","protected":false},"featured_media":2104,"template":"","meta":[],"product_brand":[],"product_cat":[54],"product_tag":[],"class_list":{"0":"post-2103","1":"product","2":"type-product","3":"status-publish","4":"has-post-thumbnail","6":"product_cat-esentele-crete-cu-ajutorul-energiei-cercurilor-aparute-in-lanurile-de-recolte","7":"pa_size-15ml","8":"pa_size-30ml","10":"first","11":"instock","12":"shipping-taxable","13":"purchasable","14":"product-type-variable","15":"has-default-attributes"},"_links":{"self":[{"href":"https:\/\/esentevibrationale.com\/index.php?rest_route=\/wp\/v2\/product\/2103","targetHints":{"allow":["GET"]}}],"collection":[{"href":"https:\/\/esentevibrationale.com\/index.php?rest_route=\/wp\/v2\/product"}],"about":[{"href":"https:\/\/esentevibrationale.com\/index.php?rest_route=\/wp\/v2\/types\/product"}],"wp:featuredmedia":[{"embeddable":true,"href":"https:\/\/esentevibrationale.com\/index.php?rest_route=\/wp\/v2\/media\/2104"}],"wp:attachment":[{"href":"https:\/\/esentevibrationale.com\/index.php?rest_route=%2Fwp%2Fv2%2Fmedia&parent=2103"}],"wp:term":[{"taxonomy":"product_brand","embeddable":true,"href":"https:\/\/esentevibrationale.com\/index.php?rest_route=%2Fwp%2Fv2%2Fproduct_brand&post=2103"},{"taxonomy":"product_cat","embeddable":true,"href":"https:\/\/esentevibrationale.com\/index.php?rest_route=%2Fwp%2Fv2%2Fproduct_cat&post=2103"},{"taxonomy":"product_tag","embeddable":true,"href":"https:\/\/esentevibrationale.com\/index.php?rest_route=%2Fwp%2Fv2%2Fproduct_tag&post=2103"}],"curies":[{"name":"wp","href":"https:\/\/api.w.org\/{rel}","templated":true}]}}