{"id":2139,"date":"2018-11-20T12:43:44","date_gmt":"2018-11-20T11:43:44","guid":{"rendered":"https:\/\/phiessences.com\/Romania\/?post_type=product&#038;p=2139"},"modified":"2024-12-22T10:16:18","modified_gmt":"2024-12-22T08:16:18","slug":"19-lotus-flower-1-beckhampton-uk-1998-floare-de-lotus-1-beckhampton-marea-britanie-1998","status":"publish","type":"product","link":"https:\/\/esentevibrationale.com\/?product=19-lotus-flower-1-beckhampton-uk-1998-floare-de-lotus-1-beckhampton-marea-britanie-1998","title":{"rendered":"19.) Lotus Flower 1, Beckhampton, UK (1998) \/ Floare de Lotus 1, Beckhampton, Marea Britanie (1998)"},"content":{"rendered":"<p><img loading=\"lazy\" decoding=\"async\" class=\"alignnone size-full wp-image-13852\" src=\"https:\/\/esentevibrationale.com\/wp-content\/uploads\/2018\/11\/nr._19-1.jpg\" alt=\"\" width=\"101\" height=\"300\" \/><\/p>\n<p>Stimuleaz\u0103 energia Kundalini de la prima Chakr\u0103 la a \u015faptea Chakr\u0103. Ne acord\u0103 creativitate \u015fi vindecare prin punerea \u00een desf\u0103\u015furare a sentimentelor, frumuse\u0163ii \u015fi iubirii. Ne sprijin\u0103 s\u0103 ne deschidem la noi forme de g\u00e2ndire \u015fi s\u0103 execut\u0103m proiectele.<\/p>\n","protected":false},"excerpt":{"rendered":"<p>Stimuleaz\u0103 energia Kundalini de la prima Chakr\u0103 la a \u015faptea Chakr\u0103. Ne acord\u0103 creativitate \u015fi vindecare prin punerea \u00een desf\u0103\u015furare a sentimentelor, frumuse\u0163ii \u015fi iubirii. Ne sprijin\u0103 s\u0103 ne deschidem la noi forme de g\u00e2ndire \u015fi s\u0103 execut\u0103m proiectele.<\/p>\n","protected":false},"featured_media":2143,"template":"","meta":[],"product_brand":[],"product_cat":[54],"product_tag":[],"class_list":{"0":"post-2139","1":"product","2":"type-product","3":"status-publish","4":"has-post-thumbnail","6":"product_cat-esentele-crete-cu-ajutorul-energiei-cercurilor-aparute-in-lanurile-de-recolte","7":"pa_size-15ml","8":"pa_size-30ml","10":"first","11":"instock","12":"shipping-taxable","13":"purchasable","14":"product-type-variable","15":"has-default-attributes"},"_links":{"self":[{"href":"https:\/\/esentevibrationale.com\/index.php?rest_route=\/wp\/v2\/product\/2139","targetHints":{"allow":["GET"]}}],"collection":[{"href":"https:\/\/esentevibrationale.com\/index.php?rest_route=\/wp\/v2\/product"}],"about":[{"href":"https:\/\/esentevibrationale.com\/index.php?rest_route=\/wp\/v2\/types\/product"}],"wp:featuredmedia":[{"embeddable":true,"href":"https:\/\/esentevibrationale.com\/index.php?rest_route=\/wp\/v2\/media\/2143"}],"wp:attachment":[{"href":"https:\/\/esentevibrationale.com\/index.php?rest_route=%2Fwp%2Fv2%2Fmedia&parent=2139"}],"wp:term":[{"taxonomy":"product_brand","embeddable":true,"href":"https:\/\/esentevibrationale.com\/index.php?rest_route=%2Fwp%2Fv2%2Fproduct_brand&post=2139"},{"taxonomy":"product_cat","embeddable":true,"href":"https:\/\/esentevibrationale.com\/index.php?rest_route=%2Fwp%2Fv2%2Fproduct_cat&post=2139"},{"taxonomy":"product_tag","embeddable":true,"href":"https:\/\/esentevibrationale.com\/index.php?rest_route=%2Fwp%2Fv2%2Fproduct_tag&post=2139"}],"curies":[{"name":"wp","href":"https:\/\/api.w.org\/{rel}","templated":true}]}}