{"id":2145,"date":"2018-11-20T13:01:33","date_gmt":"2018-11-20T12:01:33","guid":{"rendered":"https:\/\/phiessences.com\/Romania\/?post_type=product&#038;p=2145"},"modified":"2024-12-22T10:29:47","modified_gmt":"2024-12-22T08:29:47","slug":"20-turning-square-silbury-hill-uk-1998-patratul-transformarii-silbury-hill-marea-britanie-1998","status":"publish","type":"product","link":"https:\/\/esentevibrationale.com\/?product=20-turning-square-silbury-hill-uk-1998-patratul-transformarii-silbury-hill-marea-britanie-1998","title":{"rendered":"20.) Turning Square, Silbury Hill, UK (1998) \/ P\u0103tratul Transform\u0103rii, Silbury Hill, Marea Britanie (1998)"},"content":{"rendered":"<p><img loading=\"lazy\" decoding=\"async\" class=\"alignnone size-full wp-image-13853\" src=\"https:\/\/esentevibrationale.com\/wp-content\/uploads\/2018\/11\/nr._20-1.jpg\" alt=\"\" width=\"101\" height=\"300\" \/><\/p>\n<p>O forma\u0163iune \u00een sens contrar acelor de ceasornic. Stimuleaz\u0103 plexul nostru solar, pentru a dizolva blocajele vechi. Utiliza\u0163i esen\u0163a cu precau\u0163ie. Ne arat\u0103 sinele nostru real \u015fi c\u00e2nd nu l-am respectat \u00een trecut. Ne aduce un efect de cur\u0103\u0163are foarte puternic, care nu este \u00eentotdeauna u\u015for de integrat.<\/p>\n","protected":false},"excerpt":{"rendered":"<p>O forma\u0163iune \u00een sens contrar acelor de ceasornic. Stimuleaz\u0103 plexul nostru solar, pentru a dizolva blocajele vechi. Utiliza\u0163i esen\u0163a cu precau\u0163ie. Ne arat\u0103 sinele nostru real \u015fi c\u00e2nd nu l-am respectat \u00een trecut. Ne aduce un efect de cur\u0103\u0163are foarte puternic, care nu este \u00eentotdeauna u\u015for de integrat.<\/p>\n","protected":false},"featured_media":2148,"template":"","meta":[],"product_brand":[],"product_cat":[54],"product_tag":[],"class_list":{"0":"post-2145","1":"product","2":"type-product","3":"status-publish","4":"has-post-thumbnail","6":"product_cat-esentele-crete-cu-ajutorul-energiei-cercurilor-aparute-in-lanurile-de-recolte","7":"pa_size-15ml","8":"pa_size-30ml","10":"first","11":"instock","12":"shipping-taxable","13":"purchasable","14":"product-type-variable","15":"has-default-attributes"},"_links":{"self":[{"href":"https:\/\/esentevibrationale.com\/index.php?rest_route=\/wp\/v2\/product\/2145","targetHints":{"allow":["GET"]}}],"collection":[{"href":"https:\/\/esentevibrationale.com\/index.php?rest_route=\/wp\/v2\/product"}],"about":[{"href":"https:\/\/esentevibrationale.com\/index.php?rest_route=\/wp\/v2\/types\/product"}],"wp:featuredmedia":[{"embeddable":true,"href":"https:\/\/esentevibrationale.com\/index.php?rest_route=\/wp\/v2\/media\/2148"}],"wp:attachment":[{"href":"https:\/\/esentevibrationale.com\/index.php?rest_route=%2Fwp%2Fv2%2Fmedia&parent=2145"}],"wp:term":[{"taxonomy":"product_brand","embeddable":true,"href":"https:\/\/esentevibrationale.com\/index.php?rest_route=%2Fwp%2Fv2%2Fproduct_brand&post=2145"},{"taxonomy":"product_cat","embeddable":true,"href":"https:\/\/esentevibrationale.com\/index.php?rest_route=%2Fwp%2Fv2%2Fproduct_cat&post=2145"},{"taxonomy":"product_tag","embeddable":true,"href":"https:\/\/esentevibrationale.com\/index.php?rest_route=%2Fwp%2Fv2%2Fproduct_tag&post=2145"}],"curies":[{"name":"wp","href":"https:\/\/api.w.org\/{rel}","templated":true}]}}