{"id":2293,"date":"2018-11-21T14:07:22","date_gmt":"2018-11-21T13:07:22","guid":{"rendered":"https:\/\/phiessences.com\/Romania\/?post_type=product&#038;p=2293"},"modified":"2024-04-02T09:54:47","modified_gmt":"2024-04-02T06:54:47","slug":"49-flower-beckhampton-uk-2001-floare-beckhampton-marea-britanie-2001","status":"publish","type":"product","link":"https:\/\/esentevibrationale.com\/?product=49-flower-beckhampton-uk-2001-floare-beckhampton-marea-britanie-2001","title":{"rendered":"49.) Flower, Beckhampton, UK (2001) \/ Floare, Beckhampton, Marea Britanie  (2001)"},"content":{"rendered":"<p><img loading=\"lazy\" decoding=\"async\" class=\"alignnone size-full wp-image-13382\" src=\"https:\/\/esentevibrationale.com\/wp-content\/uploads\/2018\/11\/nr._49-1.jpg\" alt=\"\" width=\"101\" height=\"300\" \/><\/p>\n<p>Esen\u021b\u0103 ac\u0163ioneaz\u0103 stimul\u00e2nd zona cranian\u0103 \u015fi Chakrele a \u015fasea \u015fi a \u015faptea. Une\u015fte con\u0219tiin\u021ba noastr\u0103 cu con\u0219tiin\u021ba cosmosului \u015fi ne une\u015fte cu nivelul spiritual.<\/p>\n","protected":false},"excerpt":{"rendered":"<p>Esen\u021b\u0103 ac\u0163ioneaz\u0103 stimul\u00e2nd zona cranian\u0103 \u015fi Chakrele a \u015fasea \u015fi a \u015faptea. Une\u015fte con\u0219tiin\u021ba noastr\u0103 cu con\u0219tiin\u021ba cosmosului \u015fi ne une\u015fte cu nivelul spiritual.<\/p>\n","protected":false},"featured_media":2296,"template":"","meta":[],"product_brand":[],"product_cat":[54],"product_tag":[],"class_list":{"0":"post-2293","1":"product","2":"type-product","3":"status-publish","4":"has-post-thumbnail","6":"product_cat-esentele-crete-cu-ajutorul-energiei-cercurilor-aparute-in-lanurile-de-recolte","7":"pa_size-15ml","8":"pa_size-30ml","10":"first","11":"instock","12":"shipping-taxable","13":"purchasable","14":"product-type-variable","15":"has-default-attributes"},"_links":{"self":[{"href":"https:\/\/esentevibrationale.com\/index.php?rest_route=\/wp\/v2\/product\/2293","targetHints":{"allow":["GET"]}}],"collection":[{"href":"https:\/\/esentevibrationale.com\/index.php?rest_route=\/wp\/v2\/product"}],"about":[{"href":"https:\/\/esentevibrationale.com\/index.php?rest_route=\/wp\/v2\/types\/product"}],"wp:featuredmedia":[{"embeddable":true,"href":"https:\/\/esentevibrationale.com\/index.php?rest_route=\/wp\/v2\/media\/2296"}],"wp:attachment":[{"href":"https:\/\/esentevibrationale.com\/index.php?rest_route=%2Fwp%2Fv2%2Fmedia&parent=2293"}],"wp:term":[{"taxonomy":"product_brand","embeddable":true,"href":"https:\/\/esentevibrationale.com\/index.php?rest_route=%2Fwp%2Fv2%2Fproduct_brand&post=2293"},{"taxonomy":"product_cat","embeddable":true,"href":"https:\/\/esentevibrationale.com\/index.php?rest_route=%2Fwp%2Fv2%2Fproduct_cat&post=2293"},{"taxonomy":"product_tag","embeddable":true,"href":"https:\/\/esentevibrationale.com\/index.php?rest_route=%2Fwp%2Fv2%2Fproduct_tag&post=2293"}],"curies":[{"name":"wp","href":"https:\/\/api.w.org\/{rel}","templated":true}]}}