{"id":2416,"date":"2018-11-22T08:43:38","date_gmt":"2018-11-22T07:43:38","guid":{"rendered":"https:\/\/phiessences.com\/Romania\/?post_type=product&#038;p=2416"},"modified":"2024-12-24T06:59:57","modified_gmt":"2024-12-24T04:59:57","slug":"64-spiral-stonehenge-uk-2002-spirala-stonehenge-marea-britanie-2002","status":"publish","type":"product","link":"https:\/\/esentevibrationale.com\/?product=64-spiral-stonehenge-uk-2002-spirala-stonehenge-marea-britanie-2002","title":{"rendered":"64.) Spiral, Stonehenge, UK (2002) \/ Spiral\u0103, Stonehenge, Marea Britanie (2002)"},"content":{"rendered":"<p><img loading=\"lazy\" decoding=\"async\" class=\"alignnone size-full wp-image-13238\" src=\"https:\/\/esentevibrationale.com\/wp-content\/uploads\/2018\/11\/nr._64-1.jpg\" alt=\"\" width=\"101\" height=\"300\" \/><\/p>\n<p>Forma\u0163iunea a ap\u0103rut al\u0103turi de Stonehenge.\u00a0 Ajut\u0103 la crearea contactului cu trecutul, originea noastr\u0103 genetic\u0103 \u0219i cultural\u0103. Ne ajut\u0103 s\u0103 devenim con\u0219tien\u021bi de vechile tipare, s\u0103 le \u00een\u021belegem \u0219i s\u0103 le clarific\u0103m. Astfel \u00eenv\u0103\u021b\u0103m c\u0103 putem fi liberi \u00een interior \u0219i simultan s\u0103 devenim con\u015ftien\u0163i de viitorul nostru.<\/p>\n<p>&nbsp;<\/p>\n","protected":false},"excerpt":{"rendered":"<p>Forma\u0163iunea a ap\u0103rut al\u0103turi de Stonehenge.\u00a0 Ajut\u0103 la crearea contactului cu trecutul, originea noastr\u0103 genetic\u0103 \u0219i cultural\u0103. Ne ajut\u0103 s\u0103 devenim con\u0219tien\u021bi de vechile tipare, s\u0103 le \u00een\u021belegem \u0219i s\u0103 le clarific\u0103m. Astfel \u00eenv\u0103\u021b\u0103m c\u0103 putem fi liberi \u00een interior \u0219i simultan s\u0103 devenim con\u015ftien\u0163i de viitorul nostru. &nbsp;<\/p>\n","protected":false},"featured_media":2419,"template":"","meta":[],"product_brand":[],"product_cat":[54],"product_tag":[],"class_list":{"0":"post-2416","1":"product","2":"type-product","3":"status-publish","4":"has-post-thumbnail","6":"product_cat-esentele-crete-cu-ajutorul-energiei-cercurilor-aparute-in-lanurile-de-recolte","7":"pa_size-15ml","8":"pa_size-30ml","10":"first","11":"instock","12":"shipping-taxable","13":"purchasable","14":"product-type-variable","15":"has-default-attributes"},"_links":{"self":[{"href":"https:\/\/esentevibrationale.com\/index.php?rest_route=\/wp\/v2\/product\/2416","targetHints":{"allow":["GET"]}}],"collection":[{"href":"https:\/\/esentevibrationale.com\/index.php?rest_route=\/wp\/v2\/product"}],"about":[{"href":"https:\/\/esentevibrationale.com\/index.php?rest_route=\/wp\/v2\/types\/product"}],"wp:featuredmedia":[{"embeddable":true,"href":"https:\/\/esentevibrationale.com\/index.php?rest_route=\/wp\/v2\/media\/2419"}],"wp:attachment":[{"href":"https:\/\/esentevibrationale.com\/index.php?rest_route=%2Fwp%2Fv2%2Fmedia&parent=2416"}],"wp:term":[{"taxonomy":"product_brand","embeddable":true,"href":"https:\/\/esentevibrationale.com\/index.php?rest_route=%2Fwp%2Fv2%2Fproduct_brand&post=2416"},{"taxonomy":"product_cat","embeddable":true,"href":"https:\/\/esentevibrationale.com\/index.php?rest_route=%2Fwp%2Fv2%2Fproduct_cat&post=2416"},{"taxonomy":"product_tag","embeddable":true,"href":"https:\/\/esentevibrationale.com\/index.php?rest_route=%2Fwp%2Fv2%2Fproduct_tag&post=2416"}],"curies":[{"name":"wp","href":"https:\/\/api.w.org\/{rel}","templated":true}]}}