{"id":2426,"date":"2018-11-22T09:52:21","date_gmt":"2018-11-22T08:52:21","guid":{"rendered":"https:\/\/phiessences.com\/Romania\/?post_type=product&#038;p=2426"},"modified":"2024-12-24T07:01:12","modified_gmt":"2024-12-24T05:01:12","slug":"66-wave-kirchardt-d-2003-unda-kirchardt-germania-2003","status":"publish","type":"product","link":"https:\/\/esentevibrationale.com\/?product=66-wave-kirchardt-d-2003-unda-kirchardt-germania-2003","title":{"rendered":"66.) Wave, Kirchardt, D (2003) \/ Unda, Kirchardt, Germania (2003)"},"content":{"rendered":"<p><img loading=\"lazy\" decoding=\"async\" class=\"alignnone size-full wp-image-13241\" src=\"https:\/\/esentevibrationale.com\/wp-content\/uploads\/2018\/11\/nr._66-2.jpg\" alt=\"\" width=\"101\" height=\"300\" \/><\/p>\n<p>Aceast\u0103 forma\u0163iune ondulat\u0103 de valuri ne d\u0103 o energie bl\u00e2nd\u0103 de flexibilitate. Ne ajut\u0103 s\u0103 progres\u0103m peste structurile rigide vechi \u0219i s\u0103 ob\u0163ine mai mult\u0103 u\u015furin\u0163\u0103 \u0219i calm.<\/p>\n","protected":false},"excerpt":{"rendered":"<p>Aceast\u0103 forma\u0163iune ondulat\u0103 de valuri ne d\u0103 o energie bl\u00e2nd\u0103 de flexibilitate. Ne ajut\u0103 s\u0103 progres\u0103m peste structurile rigide vechi \u0219i s\u0103 ob\u0163ine mai mult\u0103 u\u015furin\u0163\u0103 \u0219i calm.<\/p>\n","protected":false},"featured_media":2429,"template":"","meta":[],"product_brand":[],"product_cat":[54],"product_tag":[],"class_list":{"0":"post-2426","1":"product","2":"type-product","3":"status-publish","4":"has-post-thumbnail","6":"product_cat-esentele-crete-cu-ajutorul-energiei-cercurilor-aparute-in-lanurile-de-recolte","7":"pa_size-15ml","8":"pa_size-30ml","10":"first","11":"instock","12":"shipping-taxable","13":"purchasable","14":"product-type-variable","15":"has-default-attributes"},"_links":{"self":[{"href":"https:\/\/esentevibrationale.com\/index.php?rest_route=\/wp\/v2\/product\/2426","targetHints":{"allow":["GET"]}}],"collection":[{"href":"https:\/\/esentevibrationale.com\/index.php?rest_route=\/wp\/v2\/product"}],"about":[{"href":"https:\/\/esentevibrationale.com\/index.php?rest_route=\/wp\/v2\/types\/product"}],"wp:featuredmedia":[{"embeddable":true,"href":"https:\/\/esentevibrationale.com\/index.php?rest_route=\/wp\/v2\/media\/2429"}],"wp:attachment":[{"href":"https:\/\/esentevibrationale.com\/index.php?rest_route=%2Fwp%2Fv2%2Fmedia&parent=2426"}],"wp:term":[{"taxonomy":"product_brand","embeddable":true,"href":"https:\/\/esentevibrationale.com\/index.php?rest_route=%2Fwp%2Fv2%2Fproduct_brand&post=2426"},{"taxonomy":"product_cat","embeddable":true,"href":"https:\/\/esentevibrationale.com\/index.php?rest_route=%2Fwp%2Fv2%2Fproduct_cat&post=2426"},{"taxonomy":"product_tag","embeddable":true,"href":"https:\/\/esentevibrationale.com\/index.php?rest_route=%2Fwp%2Fv2%2Fproduct_tag&post=2426"}],"curies":[{"name":"wp","href":"https:\/\/api.w.org\/{rel}","templated":true}]}}