{"id":2455,"date":"2018-11-22T11:54:13","date_gmt":"2018-11-22T10:54:13","guid":{"rendered":"https:\/\/phiessences.com\/Romania\/?post_type=product&#038;p=2455"},"modified":"2024-12-24T07:03:32","modified_gmt":"2024-12-24T05:03:32","slug":"72-pictogram-buttenhardt-ch-2004-pictograma-buttenhardt-elvetia-2004","status":"publish","type":"product","link":"https:\/\/esentevibrationale.com\/?product=72-pictogram-buttenhardt-ch-2004-pictograma-buttenhardt-elvetia-2004","title":{"rendered":"72.) Pictogram, B\u00fcttenhardt, CH (2004) \/ Pictogram\u0103, B\u00fcttenhardt, Elve\u0163ia (2004)"},"content":{"rendered":"<p>&nbsp;<\/p>\n<p><img loading=\"lazy\" decoding=\"async\" class=\"alignnone size-full wp-image-13401\" src=\"https:\/\/esentevibrationale.com\/wp-content\/uploads\/2018\/11\/nr._72-1.jpg\" alt=\"\" width=\"101\" height=\"300\" \/><\/p>\n<p>Pictograma a ap\u0103rut l\u00e2ng\u0103 grani\u021ba Elve\u021bia\/Germania. Esen\u021ba are un puternic efect de cur\u0103\u0163are, ac\u0163ioneaz\u0103 \u00een special asupra plexului solar \u0219i a organelor tractului digestiv. Procesele de energie \u015fi cur\u0103\u0163area corporale sunt activate.<\/p>\n<p>&nbsp;<\/p>\n","protected":false},"excerpt":{"rendered":"<p>&nbsp; Pictograma a ap\u0103rut l\u00e2ng\u0103 grani\u021ba Elve\u021bia\/Germania. Esen\u021ba are un puternic efect de cur\u0103\u0163are, ac\u0163ioneaz\u0103 \u00een special asupra plexului solar \u0219i a organelor tractului digestiv. Procesele de energie \u015fi cur\u0103\u0163area corporale sunt activate. &nbsp;<\/p>\n","protected":false},"featured_media":2458,"template":"","meta":[],"product_brand":[],"product_cat":[54],"product_tag":[],"class_list":{"0":"post-2455","1":"product","2":"type-product","3":"status-publish","4":"has-post-thumbnail","6":"product_cat-esentele-crete-cu-ajutorul-energiei-cercurilor-aparute-in-lanurile-de-recolte","7":"pa_size-15ml","8":"pa_size-30ml","10":"first","11":"instock","12":"shipping-taxable","13":"purchasable","14":"product-type-variable","15":"has-default-attributes"},"_links":{"self":[{"href":"https:\/\/esentevibrationale.com\/index.php?rest_route=\/wp\/v2\/product\/2455","targetHints":{"allow":["GET"]}}],"collection":[{"href":"https:\/\/esentevibrationale.com\/index.php?rest_route=\/wp\/v2\/product"}],"about":[{"href":"https:\/\/esentevibrationale.com\/index.php?rest_route=\/wp\/v2\/types\/product"}],"wp:featuredmedia":[{"embeddable":true,"href":"https:\/\/esentevibrationale.com\/index.php?rest_route=\/wp\/v2\/media\/2458"}],"wp:attachment":[{"href":"https:\/\/esentevibrationale.com\/index.php?rest_route=%2Fwp%2Fv2%2Fmedia&parent=2455"}],"wp:term":[{"taxonomy":"product_brand","embeddable":true,"href":"https:\/\/esentevibrationale.com\/index.php?rest_route=%2Fwp%2Fv2%2Fproduct_brand&post=2455"},{"taxonomy":"product_cat","embeddable":true,"href":"https:\/\/esentevibrationale.com\/index.php?rest_route=%2Fwp%2Fv2%2Fproduct_cat&post=2455"},{"taxonomy":"product_tag","embeddable":true,"href":"https:\/\/esentevibrationale.com\/index.php?rest_route=%2Fwp%2Fv2%2Fproduct_tag&post=2455"}],"curies":[{"name":"wp","href":"https:\/\/api.w.org\/{rel}","templated":true}]}}