{"id":2460,"date":"2018-11-22T11:59:20","date_gmt":"2018-11-22T10:59:20","guid":{"rendered":"https:\/\/phiessences.com\/Romania\/?post_type=product&#038;p=2460"},"modified":"2024-12-24T06:44:03","modified_gmt":"2024-12-24T04:44:03","slug":"73-circles-talheim-ch-2004-cercuri-talheim-elvetia-2004","status":"publish","type":"product","link":"https:\/\/esentevibrationale.com\/?product=73-circles-talheim-ch-2004-cercuri-talheim-elvetia-2004","title":{"rendered":"73.) Circles, Talheim, CH (2004) \/ Cercuri, Talheim, Elve\u0163ia (2004)"},"content":{"rendered":"<p><img loading=\"lazy\" decoding=\"async\" class=\"alignnone size-medium wp-image-13402\" src=\"https:\/\/esentevibrationale.com\/wp-content\/uploads\/2018\/11\/nr._73-1-101x300.jpg\" alt=\"\" width=\"101\" height=\"300\" srcset=\"https:\/\/esentevibrationale.com\/wp-content\/uploads\/2018\/11\/nr._73-1-101x300.jpg 101w, https:\/\/esentevibrationale.com\/wp-content\/uploads\/2018\/11\/nr._73-1-515x1536.jpg 515w, https:\/\/esentevibrationale.com\/wp-content\/uploads\/2018\/11\/nr._73-1-300x895.jpg 300w, https:\/\/esentevibrationale.com\/wp-content\/uploads\/2018\/11\/nr._73-1.jpg 641w\" sizes=\"auto, (max-width: 101px) 100vw, 101px\" \/><\/p>\n<p>Esen\u021ba ne ajut\u0103 s\u0103 dezvolt\u0103m o \u00eencredere profund\u0103 \u0219i ne reaminte\u0219te c\u0103 suntem mereu conecta\u021bi cu Sursa Divin\u0103\u00a0 \u0219i c\u0103 totul este conectat.<\/p>\n","protected":false},"excerpt":{"rendered":"<p>Esen\u021ba ne ajut\u0103 s\u0103 dezvolt\u0103m o \u00eencredere profund\u0103 \u0219i ne reaminte\u0219te c\u0103 suntem mereu conecta\u021bi cu Sursa Divin\u0103\u00a0 \u0219i c\u0103 totul este conectat.<\/p>\n","protected":false},"featured_media":2461,"template":"","meta":[],"product_brand":[],"product_cat":[54],"product_tag":[],"class_list":{"0":"post-2460","1":"product","2":"type-product","3":"status-publish","4":"has-post-thumbnail","6":"product_cat-esentele-crete-cu-ajutorul-energiei-cercurilor-aparute-in-lanurile-de-recolte","7":"pa_size-15ml","8":"pa_size-30ml","10":"first","11":"instock","12":"shipping-taxable","13":"purchasable","14":"product-type-variable","15":"has-default-attributes"},"_links":{"self":[{"href":"https:\/\/esentevibrationale.com\/index.php?rest_route=\/wp\/v2\/product\/2460","targetHints":{"allow":["GET"]}}],"collection":[{"href":"https:\/\/esentevibrationale.com\/index.php?rest_route=\/wp\/v2\/product"}],"about":[{"href":"https:\/\/esentevibrationale.com\/index.php?rest_route=\/wp\/v2\/types\/product"}],"wp:featuredmedia":[{"embeddable":true,"href":"https:\/\/esentevibrationale.com\/index.php?rest_route=\/wp\/v2\/media\/2461"}],"wp:attachment":[{"href":"https:\/\/esentevibrationale.com\/index.php?rest_route=%2Fwp%2Fv2%2Fmedia&parent=2460"}],"wp:term":[{"taxonomy":"product_brand","embeddable":true,"href":"https:\/\/esentevibrationale.com\/index.php?rest_route=%2Fwp%2Fv2%2Fproduct_brand&post=2460"},{"taxonomy":"product_cat","embeddable":true,"href":"https:\/\/esentevibrationale.com\/index.php?rest_route=%2Fwp%2Fv2%2Fproduct_cat&post=2460"},{"taxonomy":"product_tag","embeddable":true,"href":"https:\/\/esentevibrationale.com\/index.php?rest_route=%2Fwp%2Fv2%2Fproduct_tag&post=2460"}],"curies":[{"name":"wp","href":"https:\/\/api.w.org\/{rel}","templated":true}]}}