{"id":2478,"date":"2018-11-22T12:49:43","date_gmt":"2018-11-22T11:49:43","guid":{"rendered":"https:\/\/phiessences.com\/Romania\/?post_type=product&#038;p=2478"},"modified":"2024-12-24T06:41:35","modified_gmt":"2024-12-24T04:41:35","slug":"77-bee-white-horse-uk-2004","status":"publish","type":"product","link":"https:\/\/esentevibrationale.com\/?product=77-bee-white-horse-uk-2004","title":{"rendered":"77.) Bee, White Horse, UK (2004) \/ Albina, White Horse, Marea Britanie (2004)"},"content":{"rendered":"<p><img decoding=\"async\" class=\"img-responsive\" title=\"77.) Bee, White Horse, UK (2004)\" src=\"https:\/\/www.phiessences.com\/images\/product_images\/info_images\/nr._77.jpg\" alt=\"77.) Bee, White Horse, UK (2004)\" data-magnifier-src=\"images\/product_images\/original_images\/nr._77.jpg\" \/><\/p>\n<p>Aceast\u0103 forma\u0163iune ne reaminte\u0219te de faptul c\u0103 toate vie\u021buitoarele sunt conectate \u0219i totodat\u0103 toate depind una de cealalt\u0103. \u020an aceea\u015fi manier\u0103 \u00een care noi avem nevoie de albine pentru dieta noastr\u0103, f\u0103r\u0103 albine nu vom mai avea nici miere, nici fructe, nici legume \u0219i multe altele vor disp\u0103rea, a\u015fa va trebui s\u0103 \u00eenv\u0103\u0163\u0103m s\u0103 le respect\u0103m, s\u0103 le apreciem \u0219i s\u0103 protej\u0103m albinele. Trebuie s\u0103 \u00eenv\u0103\u0163\u0103m s\u0103 conserv\u0103m Crea\u0163ia lui Dumnezeu.<\/p>\n","protected":false},"excerpt":{"rendered":"<p>Aceast\u0103 forma\u0163iune ne reaminte\u0219te de faptul c\u0103 toate vie\u021buitoarele sunt conectate \u0219i totodat\u0103 toate depind una de cealalt\u0103. \u020an aceea\u015fi manier\u0103 \u00een care noi avem nevoie de albine pentru dieta noastr\u0103, f\u0103r\u0103 albine nu vom mai avea nici miere, nici fructe, nici legume \u0219i multe altele vor disp\u0103rea, a\u015fa va trebui s\u0103 \u00eenv\u0103\u0163\u0103m s\u0103 le &hellip; <a href=\"https:\/\/esentevibrationale.com\/?product=77-bee-white-horse-uk-2004\" class=\"more-link\">Continu\u0103 lectura <span class=\"screen-reader-text\">77.) Bee, White Horse, UK (2004) \/ Albina, White Horse, Marea Britanie (2004)<\/span> <span class=\"meta-nav\">&rarr;<\/span><\/a><\/p>\n","protected":false},"featured_media":2479,"template":"","meta":[],"product_brand":[],"product_cat":[54],"product_tag":[],"class_list":{"0":"post-2478","1":"product","2":"type-product","3":"status-publish","4":"has-post-thumbnail","6":"product_cat-esentele-crete-cu-ajutorul-energiei-cercurilor-aparute-in-lanurile-de-recolte","7":"pa_size-15ml","8":"pa_size-30ml","10":"first","11":"instock","12":"shipping-taxable","13":"purchasable","14":"product-type-variable","15":"has-default-attributes"},"_links":{"self":[{"href":"https:\/\/esentevibrationale.com\/index.php?rest_route=\/wp\/v2\/product\/2478","targetHints":{"allow":["GET"]}}],"collection":[{"href":"https:\/\/esentevibrationale.com\/index.php?rest_route=\/wp\/v2\/product"}],"about":[{"href":"https:\/\/esentevibrationale.com\/index.php?rest_route=\/wp\/v2\/types\/product"}],"wp:featuredmedia":[{"embeddable":true,"href":"https:\/\/esentevibrationale.com\/index.php?rest_route=\/wp\/v2\/media\/2479"}],"wp:attachment":[{"href":"https:\/\/esentevibrationale.com\/index.php?rest_route=%2Fwp%2Fv2%2Fmedia&parent=2478"}],"wp:term":[{"taxonomy":"product_brand","embeddable":true,"href":"https:\/\/esentevibrationale.com\/index.php?rest_route=%2Fwp%2Fv2%2Fproduct_brand&post=2478"},{"taxonomy":"product_cat","embeddable":true,"href":"https:\/\/esentevibrationale.com\/index.php?rest_route=%2Fwp%2Fv2%2Fproduct_cat&post=2478"},{"taxonomy":"product_tag","embeddable":true,"href":"https:\/\/esentevibrationale.com\/index.php?rest_route=%2Fwp%2Fv2%2Fproduct_tag&post=2478"}],"curies":[{"name":"wp","href":"https:\/\/api.w.org\/{rel}","templated":true}]}}