{"id":2545,"date":"2018-11-22T18:03:34","date_gmt":"2018-11-22T17:03:34","guid":{"rendered":"https:\/\/phiessences.com\/Romania\/?post_type=product&#038;p=2545"},"modified":"2024-12-24T06:33:39","modified_gmt":"2024-12-24T04:33:39","slug":"90-spiral-gottingen-d-2006-spirala-gottingen-germania-2006","status":"publish","type":"product","link":"https:\/\/esentevibrationale.com\/?product=90-spiral-gottingen-d-2006-spirala-gottingen-germania-2006","title":{"rendered":"90.) Spiral, G\u00f6ttingen, D (2006) \/ Spiral\u0103, G\u00f6ttingen, Germania (2006)"},"content":{"rendered":"<p><img decoding=\"async\" class=\"img-responsive\" title=\"90.) Spiral, G\u00f6ttingen, D (2006)\" src=\"https:\/\/www.phiessences.com\/images\/product_images\/info_images\/nr._90.jpg\" alt=\"90.) Spiral, G\u00f6ttingen, D (2006)\" data-magnifier-src=\"images\/product_images\/original_images\/nr._90.jpg\" \/><\/p>\n<p>\u020an pace putem g\u0103si puterea \u015fi din acel calm ob\u0163inem for\u0163a s\u0103 o lu\u0103m de la cap\u0103t \u015fi s\u0103 primim o inspira\u0163ie nou\u0103, pentru a planifica urm\u0103torul pas. Creativitatea noastr\u0103 cre\u015fte \u015fi atingem poten\u0163ialul nostru real.<\/p>\n","protected":false},"excerpt":{"rendered":"<p>\u020an pace putem g\u0103si puterea \u015fi din acel calm ob\u0163inem for\u0163a s\u0103 o lu\u0103m de la cap\u0103t \u015fi s\u0103 primim o inspira\u0163ie nou\u0103, pentru a planifica urm\u0103torul pas. Creativitatea noastr\u0103 cre\u015fte \u015fi atingem poten\u0163ialul nostru real.<\/p>\n","protected":false},"featured_media":2546,"template":"","meta":[],"product_brand":[],"product_cat":[54],"product_tag":[],"class_list":{"0":"post-2545","1":"product","2":"type-product","3":"status-publish","4":"has-post-thumbnail","6":"product_cat-esentele-crete-cu-ajutorul-energiei-cercurilor-aparute-in-lanurile-de-recolte","7":"pa_size-15ml","8":"pa_size-30ml","10":"first","11":"instock","12":"shipping-taxable","13":"purchasable","14":"product-type-variable","15":"has-default-attributes"},"_links":{"self":[{"href":"https:\/\/esentevibrationale.com\/index.php?rest_route=\/wp\/v2\/product\/2545","targetHints":{"allow":["GET"]}}],"collection":[{"href":"https:\/\/esentevibrationale.com\/index.php?rest_route=\/wp\/v2\/product"}],"about":[{"href":"https:\/\/esentevibrationale.com\/index.php?rest_route=\/wp\/v2\/types\/product"}],"wp:featuredmedia":[{"embeddable":true,"href":"https:\/\/esentevibrationale.com\/index.php?rest_route=\/wp\/v2\/media\/2546"}],"wp:attachment":[{"href":"https:\/\/esentevibrationale.com\/index.php?rest_route=%2Fwp%2Fv2%2Fmedia&parent=2545"}],"wp:term":[{"taxonomy":"product_brand","embeddable":true,"href":"https:\/\/esentevibrationale.com\/index.php?rest_route=%2Fwp%2Fv2%2Fproduct_brand&post=2545"},{"taxonomy":"product_cat","embeddable":true,"href":"https:\/\/esentevibrationale.com\/index.php?rest_route=%2Fwp%2Fv2%2Fproduct_cat&post=2545"},{"taxonomy":"product_tag","embeddable":true,"href":"https:\/\/esentevibrationale.com\/index.php?rest_route=%2Fwp%2Fv2%2Fproduct_tag&post=2545"}],"curies":[{"name":"wp","href":"https:\/\/api.w.org\/{rel}","templated":true}]}}