{"id":2550,"date":"2018-11-23T06:30:53","date_gmt":"2018-11-23T05:30:53","guid":{"rendered":"https:\/\/phiessences.com\/Romania\/?post_type=product&#038;p=2550"},"modified":"2024-12-24T06:33:07","modified_gmt":"2024-12-24T04:33:07","slug":"2550","status":"publish","type":"product","link":"https:\/\/esentevibrationale.com\/?product=2550","title":{"rendered":"91) 7-pointed Flower in Mustard, G\u00f6ttingen, D (2006) \/ Floarea Punctat\u0103 de 7 ori \u00een Mu\u0219tar, G\u00f6ttingen, Germania (2006)"},"content":{"rendered":"<p><img decoding=\"async\" class=\"img-responsive\" title=\"91.) 7-pointed Flower in Mustard, G\u00f6ttingen, D (2006)\" src=\"https:\/\/www.phiessences.com\/images\/product_images\/info_images\/nr._91.jpg\" alt=\"91.) 7-pointed Flower in Mustard, G\u00f6ttingen, D (2006)\" data-magnifier-src=\"images\/product_images\/original_images\/nr._91.jpg\" \/><\/p>\n<p>Aceast\u0103 forma\u021biune a ap\u0103rut foarte neobi\u0219nuit \u0219i t\u00e2rziu \u00een jurul datei de 25 octombrie, \u00een c\u00e2mpurile de mu\u0219tar aproape de o autostrad\u0103, ca \u015fi cum ar fi un indicator al faptului c\u0103 nu mai exist\u0103 anotimpuri normale. Esen\u0163a ne ajut\u0103 s\u0103 r\u0103m\u00e2nem focusa\u0163i complet \u015fi calmi, indiferent de ce s-ar putea \u00eent\u00e2mpla \u00een jurul nostru. Chiar dac\u0103 lumea s\u00ad-ar opri \u00een jurul nostru, vom r\u0103m\u00e2ne calmi \u015fi focusa\u0163i.<\/p>\n","protected":false},"excerpt":{"rendered":"<p>Aceast\u0103 forma\u021biune a ap\u0103rut foarte neobi\u0219nuit \u0219i t\u00e2rziu \u00een jurul datei de 25 octombrie, \u00een c\u00e2mpurile de mu\u0219tar aproape de o autostrad\u0103, ca \u015fi cum ar fi un indicator al faptului c\u0103 nu mai exist\u0103 anotimpuri normale. Esen\u0163a ne ajut\u0103 s\u0103 r\u0103m\u00e2nem focusa\u0163i complet \u015fi calmi, indiferent de ce s-ar putea \u00eent\u00e2mpla \u00een jurul nostru. &hellip; <a href=\"https:\/\/esentevibrationale.com\/?product=2550\" class=\"more-link\">Continu\u0103 lectura <span class=\"screen-reader-text\">91) 7-pointed Flower in Mustard, G\u00f6ttingen, D (2006) \/ Floarea Punctat\u0103 de 7 ori \u00een Mu\u0219tar, G\u00f6ttingen, Germania (2006)<\/span> <span class=\"meta-nav\">&rarr;<\/span><\/a><\/p>\n","protected":false},"featured_media":2553,"template":"","meta":[],"product_brand":[],"product_cat":[54],"product_tag":[],"class_list":{"0":"post-2550","1":"product","2":"type-product","3":"status-publish","4":"has-post-thumbnail","6":"product_cat-esentele-crete-cu-ajutorul-energiei-cercurilor-aparute-in-lanurile-de-recolte","7":"pa_size-15ml","8":"pa_size-30ml","10":"first","11":"instock","12":"shipping-taxable","13":"purchasable","14":"product-type-variable","15":"has-default-attributes"},"_links":{"self":[{"href":"https:\/\/esentevibrationale.com\/index.php?rest_route=\/wp\/v2\/product\/2550","targetHints":{"allow":["GET"]}}],"collection":[{"href":"https:\/\/esentevibrationale.com\/index.php?rest_route=\/wp\/v2\/product"}],"about":[{"href":"https:\/\/esentevibrationale.com\/index.php?rest_route=\/wp\/v2\/types\/product"}],"wp:featuredmedia":[{"embeddable":true,"href":"https:\/\/esentevibrationale.com\/index.php?rest_route=\/wp\/v2\/media\/2553"}],"wp:attachment":[{"href":"https:\/\/esentevibrationale.com\/index.php?rest_route=%2Fwp%2Fv2%2Fmedia&parent=2550"}],"wp:term":[{"taxonomy":"product_brand","embeddable":true,"href":"https:\/\/esentevibrationale.com\/index.php?rest_route=%2Fwp%2Fv2%2Fproduct_brand&post=2550"},{"taxonomy":"product_cat","embeddable":true,"href":"https:\/\/esentevibrationale.com\/index.php?rest_route=%2Fwp%2Fv2%2Fproduct_cat&post=2550"},{"taxonomy":"product_tag","embeddable":true,"href":"https:\/\/esentevibrationale.com\/index.php?rest_route=%2Fwp%2Fv2%2Fproduct_tag&post=2550"}],"curies":[{"name":"wp","href":"https:\/\/api.w.org\/{rel}","templated":true}]}}