{"id":2555,"date":"2018-11-23T06:44:56","date_gmt":"2018-11-23T05:44:56","guid":{"rendered":"https:\/\/phiessences.com\/Romania\/?post_type=product&#038;p=2555"},"modified":"2024-12-24T06:32:25","modified_gmt":"2024-12-24T04:32:25","slug":"92-snail-rheinau-ch-2007-sarpe-rheinau-elvetia-2007","status":"publish","type":"product","link":"https:\/\/esentevibrationale.com\/?product=92-snail-rheinau-ch-2007-sarpe-rheinau-elvetia-2007","title":{"rendered":"92.) Snail, Rheinau, CH (2007) \/ \u015earpe, Rheinau, Elve\u0163ia (2007)"},"content":{"rendered":"<p><img decoding=\"async\" class=\"img-responsive\" title=\"92.) Snail, Rheinau, CH (2007)\" src=\"https:\/\/www.phiessences.com\/images\/product_images\/info_images\/nr._92.jpg\" alt=\"92.) Snail, Rheinau, CH (2007)\" data-magnifier-src=\"images\/product_images\/original_images\/nr._92.jpg\" \/><\/p>\n<p>Forma\u0163iunea \u00een sens contrar acelor de ceasornic, are un efect de cur\u0103\u021bare asupra g\u00e2ndurilor \u0219i obiceiurilor vechi. Emisferele dreapt\u0103 \u0219i st\u00e2ng\u0103 ale creierului sunt echilibrate, astfel \u00eenc\u00e2t g\u00e2ndurile noastre pot fi clasificate cu claritate.<\/p>\n","protected":false},"excerpt":{"rendered":"<p>Forma\u0163iunea \u00een sens contrar acelor de ceasornic, are un efect de cur\u0103\u021bare asupra g\u00e2ndurilor \u0219i obiceiurilor vechi. Emisferele dreapt\u0103 \u0219i st\u00e2ng\u0103 ale creierului sunt echilibrate, astfel \u00eenc\u00e2t g\u00e2ndurile noastre pot fi clasificate cu claritate.<\/p>\n","protected":false},"featured_media":2556,"template":"","meta":[],"product_brand":[],"product_cat":[54],"product_tag":[],"class_list":{"0":"post-2555","1":"product","2":"type-product","3":"status-publish","4":"has-post-thumbnail","6":"product_cat-esentele-crete-cu-ajutorul-energiei-cercurilor-aparute-in-lanurile-de-recolte","7":"pa_size-15ml","8":"pa_size-30ml","10":"first","11":"instock","12":"shipping-taxable","13":"purchasable","14":"product-type-variable","15":"has-default-attributes"},"_links":{"self":[{"href":"https:\/\/esentevibrationale.com\/index.php?rest_route=\/wp\/v2\/product\/2555","targetHints":{"allow":["GET"]}}],"collection":[{"href":"https:\/\/esentevibrationale.com\/index.php?rest_route=\/wp\/v2\/product"}],"about":[{"href":"https:\/\/esentevibrationale.com\/index.php?rest_route=\/wp\/v2\/types\/product"}],"wp:featuredmedia":[{"embeddable":true,"href":"https:\/\/esentevibrationale.com\/index.php?rest_route=\/wp\/v2\/media\/2556"}],"wp:attachment":[{"href":"https:\/\/esentevibrationale.com\/index.php?rest_route=%2Fwp%2Fv2%2Fmedia&parent=2555"}],"wp:term":[{"taxonomy":"product_brand","embeddable":true,"href":"https:\/\/esentevibrationale.com\/index.php?rest_route=%2Fwp%2Fv2%2Fproduct_brand&post=2555"},{"taxonomy":"product_cat","embeddable":true,"href":"https:\/\/esentevibrationale.com\/index.php?rest_route=%2Fwp%2Fv2%2Fproduct_cat&post=2555"},{"taxonomy":"product_tag","embeddable":true,"href":"https:\/\/esentevibrationale.com\/index.php?rest_route=%2Fwp%2Fv2%2Fproduct_tag&post=2555"}],"curies":[{"name":"wp","href":"https:\/\/api.w.org\/{rel}","templated":true}]}}