{"id":2593,"date":"2018-11-23T09:55:13","date_gmt":"2018-11-23T08:55:13","guid":{"rendered":"https:\/\/phiessences.com\/Romania\/?post_type=product&#038;p=2593"},"modified":"2024-12-24T06:27:39","modified_gmt":"2024-12-24T04:27:39","slug":"99-horton-uk-2008-horton-marea-britanie-2008","status":"publish","type":"product","link":"https:\/\/esentevibrationale.com\/?product=99-horton-uk-2008-horton-marea-britanie-2008","title":{"rendered":"99.) Horton, UK (2008) \/ Horton, Marea Britanie (2008)"},"content":{"rendered":"<p><img decoding=\"async\" class=\"img-responsive\" title=\"99.) Horton, UK (2008)\" src=\"https:\/\/www.phiessences.com\/images\/product_images\/info_images\/nr._99.jpg\" alt=\"99.) Horton, UK (2008)\" data-magnifier-src=\"images\/product_images\/original_images\/nr._99.jpg\" \/><\/p>\n<p>Util\u0103 pentru cre\u015fterea con\u015ftiin\u0163ei noastre. Forma\u0163iunea ajut\u0103 oamenii s\u0103 mearg\u0103 din \u00eentuneric c\u0103tre lumin\u0103, s\u0103 descopere din nou divinitatea \u015fi s\u0103 intre \u00een leg\u0103tur\u0103 cu Dumnezeu. Esen\u0163a ajut\u0103 persoanele depresive, care nu au obiective, s\u0103 \u00ee\u015fi g\u0103seasc\u0103 cale lor at\u00e2t \u00een interior c\u00e2t \u015fi \u00een exterior.<\/p>\n","protected":false},"excerpt":{"rendered":"<p>Util\u0103 pentru cre\u015fterea con\u015ftiin\u0163ei noastre. Forma\u0163iunea ajut\u0103 oamenii s\u0103 mearg\u0103 din \u00eentuneric c\u0103tre lumin\u0103, s\u0103 descopere din nou divinitatea \u015fi s\u0103 intre \u00een leg\u0103tur\u0103 cu Dumnezeu. Esen\u0163a ajut\u0103 persoanele depresive, care nu au obiective, s\u0103 \u00ee\u015fi g\u0103seasc\u0103 cale lor at\u00e2t \u00een interior c\u00e2t \u015fi \u00een exterior.<\/p>\n","protected":false},"featured_media":2596,"template":"","meta":[],"product_brand":[],"product_cat":[54],"product_tag":[],"class_list":{"0":"post-2593","1":"product","2":"type-product","3":"status-publish","4":"has-post-thumbnail","6":"product_cat-esentele-crete-cu-ajutorul-energiei-cercurilor-aparute-in-lanurile-de-recolte","7":"pa_size-15ml","8":"pa_size-30ml","10":"first","11":"instock","12":"shipping-taxable","13":"purchasable","14":"product-type-variable","15":"has-default-attributes"},"_links":{"self":[{"href":"https:\/\/esentevibrationale.com\/index.php?rest_route=\/wp\/v2\/product\/2593","targetHints":{"allow":["GET"]}}],"collection":[{"href":"https:\/\/esentevibrationale.com\/index.php?rest_route=\/wp\/v2\/product"}],"about":[{"href":"https:\/\/esentevibrationale.com\/index.php?rest_route=\/wp\/v2\/types\/product"}],"wp:featuredmedia":[{"embeddable":true,"href":"https:\/\/esentevibrationale.com\/index.php?rest_route=\/wp\/v2\/media\/2596"}],"wp:attachment":[{"href":"https:\/\/esentevibrationale.com\/index.php?rest_route=%2Fwp%2Fv2%2Fmedia&parent=2593"}],"wp:term":[{"taxonomy":"product_brand","embeddable":true,"href":"https:\/\/esentevibrationale.com\/index.php?rest_route=%2Fwp%2Fv2%2Fproduct_brand&post=2593"},{"taxonomy":"product_cat","embeddable":true,"href":"https:\/\/esentevibrationale.com\/index.php?rest_route=%2Fwp%2Fv2%2Fproduct_cat&post=2593"},{"taxonomy":"product_tag","embeddable":true,"href":"https:\/\/esentevibrationale.com\/index.php?rest_route=%2Fwp%2Fv2%2Fproduct_tag&post=2593"}],"curies":[{"name":"wp","href":"https:\/\/api.w.org\/{rel}","templated":true}]}}