{"id":2608,"date":"2018-11-26T14:51:14","date_gmt":"2018-11-26T13:51:14","guid":{"rendered":"https:\/\/phiessences.com\/Romania\/?post_type=product&#038;p=2608"},"modified":"2024-12-24T06:27:03","modified_gmt":"2024-12-24T04:27:03","slug":"102-westwood-lockeridge-uk-2008-westwood-lockeridge-marea-britanie-2008","status":"publish","type":"product","link":"https:\/\/esentevibrationale.com\/?product=102-westwood-lockeridge-uk-2008-westwood-lockeridge-marea-britanie-2008","title":{"rendered":"102.) Westwood, Lockeridge, UK (2008) \/ Westwood, Lockeridge, Marea Britanie (2008)"},"content":{"rendered":"<p><img decoding=\"async\" class=\"img-responsive\" title=\"102.) Westwood, Lockeridge, UK (2008)\" src=\"https:\/\/www.phiessences.com\/images\/product_images\/info_images\/nr._102.jpg\" alt=\"102.) Westwood, Lockeridge, UK (2008)\" data-magnifier-src=\"images\/product_images\/original_images\/nr._102.jpg\" \/><\/p>\n<p>Reprezint\u0103 lumina de a fi. Forma\u0163iunea extinde con\u0219tiin\u021ba noastr\u0103. Ajut\u0103 la dep\u0103\u0219irea propriilor limit\u0103ri, \u00eenv\u0103\u021b\u0103m s\u0103 vedem lucrurile cu mai mult\u0103 u\u015furin\u0163a \u015fi mai relaxa\u0163i. Ajut\u0103 la dizolvarea cu iubire a poverilor vechi \u015fi elibereaz\u0103 \u00a0tiparele vechi.<\/p>\n","protected":false},"excerpt":{"rendered":"<p>Reprezint\u0103 lumina de a fi. Forma\u0163iunea extinde con\u0219tiin\u021ba noastr\u0103. Ajut\u0103 la dep\u0103\u0219irea propriilor limit\u0103ri, \u00eenv\u0103\u021b\u0103m s\u0103 vedem lucrurile cu mai mult\u0103 u\u015furin\u0163a \u015fi mai relaxa\u0163i. Ajut\u0103 la dizolvarea cu iubire a poverilor vechi \u015fi elibereaz\u0103 \u00a0tiparele vechi.<\/p>\n","protected":false},"featured_media":2611,"template":"","meta":[],"product_brand":[],"product_cat":[54],"product_tag":[],"class_list":{"0":"post-2608","1":"product","2":"type-product","3":"status-publish","4":"has-post-thumbnail","6":"product_cat-esentele-crete-cu-ajutorul-energiei-cercurilor-aparute-in-lanurile-de-recolte","7":"pa_size-15ml","8":"pa_size-30ml","10":"first","11":"instock","12":"shipping-taxable","13":"purchasable","14":"product-type-variable","15":"has-default-attributes"},"_links":{"self":[{"href":"https:\/\/esentevibrationale.com\/index.php?rest_route=\/wp\/v2\/product\/2608","targetHints":{"allow":["GET"]}}],"collection":[{"href":"https:\/\/esentevibrationale.com\/index.php?rest_route=\/wp\/v2\/product"}],"about":[{"href":"https:\/\/esentevibrationale.com\/index.php?rest_route=\/wp\/v2\/types\/product"}],"wp:featuredmedia":[{"embeddable":true,"href":"https:\/\/esentevibrationale.com\/index.php?rest_route=\/wp\/v2\/media\/2611"}],"wp:attachment":[{"href":"https:\/\/esentevibrationale.com\/index.php?rest_route=%2Fwp%2Fv2%2Fmedia&parent=2608"}],"wp:term":[{"taxonomy":"product_brand","embeddable":true,"href":"https:\/\/esentevibrationale.com\/index.php?rest_route=%2Fwp%2Fv2%2Fproduct_brand&post=2608"},{"taxonomy":"product_cat","embeddable":true,"href":"https:\/\/esentevibrationale.com\/index.php?rest_route=%2Fwp%2Fv2%2Fproduct_cat&post=2608"},{"taxonomy":"product_tag","embeddable":true,"href":"https:\/\/esentevibrationale.com\/index.php?rest_route=%2Fwp%2Fv2%2Fproduct_tag&post=2608"}],"curies":[{"name":"wp","href":"https:\/\/api.w.org\/{rel}","templated":true}]}}