{"id":2630,"date":"2018-11-24T07:42:50","date_gmt":"2018-11-24T06:42:50","guid":{"rendered":"https:\/\/phiessences.com\/Romania\/?post_type=product&#038;p=2630"},"modified":"2026-01-01T18:49:24","modified_gmt":"2026-01-01T16:49:24","slug":"hood-coral-hood-coral","status":"publish","type":"product","link":"https:\/\/esentevibrationale.com\/?product=hood-coral-hood-coral","title":{"rendered":"Hood Coral \/ Coral Cartier"},"content":{"rendered":"<p>(Stylophora pistillata)<\/p>\n<p>Esen\u0163a lucreaz\u0103 energetic pe structurile noastre \u015fi scheletul nostru, \u00eent\u0103re\u015fte \u015fi creaz\u0103 strucuturile. Ajut\u0103 s\u0103 ne consolid\u0103m l\u0103untric.<\/p>\n","protected":false},"excerpt":{"rendered":"<p>(Stylophora pistillata) Esen\u0163a lucreaz\u0103 energetic pe structurile noastre \u015fi scheletul nostru, \u00eent\u0103re\u015fte \u015fi creaz\u0103 strucuturile. Ajut\u0103 s\u0103 ne consolid\u0103m l\u0103untric.<\/p>\n","protected":false},"featured_media":2633,"template":"","meta":[],"product_brand":[],"product_cat":[43],"product_tag":[],"class_list":{"0":"post-2630","1":"product","2":"type-product","3":"status-publish","4":"has-post-thumbnail","6":"product_cat-esente-marine","7":"pa_size-15ml","8":"pa_size-30ml","10":"first","11":"instock","12":"shipping-taxable","13":"purchasable","14":"product-type-variable","15":"has-default-attributes"},"_links":{"self":[{"href":"https:\/\/esentevibrationale.com\/index.php?rest_route=\/wp\/v2\/product\/2630","targetHints":{"allow":["GET"]}}],"collection":[{"href":"https:\/\/esentevibrationale.com\/index.php?rest_route=\/wp\/v2\/product"}],"about":[{"href":"https:\/\/esentevibrationale.com\/index.php?rest_route=\/wp\/v2\/types\/product"}],"wp:featuredmedia":[{"embeddable":true,"href":"https:\/\/esentevibrationale.com\/index.php?rest_route=\/wp\/v2\/media\/2633"}],"wp:attachment":[{"href":"https:\/\/esentevibrationale.com\/index.php?rest_route=%2Fwp%2Fv2%2Fmedia&parent=2630"}],"wp:term":[{"taxonomy":"product_brand","embeddable":true,"href":"https:\/\/esentevibrationale.com\/index.php?rest_route=%2Fwp%2Fv2%2Fproduct_brand&post=2630"},{"taxonomy":"product_cat","embeddable":true,"href":"https:\/\/esentevibrationale.com\/index.php?rest_route=%2Fwp%2Fv2%2Fproduct_cat&post=2630"},{"taxonomy":"product_tag","embeddable":true,"href":"https:\/\/esentevibrationale.com\/index.php?rest_route=%2Fwp%2Fv2%2Fproduct_tag&post=2630"}],"curies":[{"name":"wp","href":"https:\/\/api.w.org\/{rel}","templated":true}]}}