{"id":2660,"date":"2018-11-24T10:59:02","date_gmt":"2018-11-24T09:59:02","guid":{"rendered":"https:\/\/phiessences.com\/Romania\/?post_type=product&#038;p=2660"},"modified":"2026-01-01T18:39:30","modified_gmt":"2026-01-01T16:39:30","slug":"brain-coral-coral-creier","status":"publish","type":"product","link":"https:\/\/esentevibrationale.com\/?product=brain-coral-coral-creier","title":{"rendered":"Brain Coral \/ Coralul Creier"},"content":{"rendered":"<p><strong>(Platygyra lamellia)<\/strong><br \/>\nAcest coral\u00a0 formeaz\u0103 colonii pe o \u00eentindere de c\u00e2\u0163iva metri \u015fi structura sa este similar\u0103 cu forma creierului. Esen\u0163a are un efect puternic pozitiv asupra creierului. \u020an primul r\u00e2nd lobul frontal este stimulat, apoi p\u0103r\u0163ile laterale \u015fi apoi toat\u0103 structura creierului. Emo\u0163ional purific\u0103 g\u00e2ndurile noastre \u015fi stimuleaz\u0103 corpul mental. G\u00e2ndurile sunt clare \u015fi structurate. Ne \u00eent\u0103re\u015fte pe plan intern.<\/p>\n","protected":false},"excerpt":{"rendered":"<p>(Platygyra lamellia) Acest coral\u00a0 formeaz\u0103 colonii pe o \u00eentindere de c\u00e2\u0163iva metri \u015fi structura sa este similar\u0103 cu forma creierului. Esen\u0163a are un efect puternic pozitiv asupra creierului. \u020an primul r\u00e2nd lobul frontal este stimulat, apoi p\u0103r\u0163ile laterale \u015fi apoi toat\u0103 structura creierului. Emo\u0163ional purific\u0103 g\u00e2ndurile noastre \u015fi stimuleaz\u0103 corpul mental. G\u00e2ndurile sunt clare \u015fi &hellip; <a href=\"https:\/\/esentevibrationale.com\/?product=brain-coral-coral-creier\" class=\"more-link\">Continu\u0103 lectura <span class=\"screen-reader-text\">Brain Coral \/ Coralul Creier<\/span> <span class=\"meta-nav\">&rarr;<\/span><\/a><\/p>\n","protected":false},"featured_media":2662,"template":"","meta":[],"product_brand":[],"product_cat":[43],"product_tag":[],"class_list":{"0":"post-2660","1":"product","2":"type-product","3":"status-publish","4":"has-post-thumbnail","6":"product_cat-esente-marine","7":"pa_size-15ml","8":"pa_size-30ml","10":"first","11":"instock","12":"shipping-taxable","13":"purchasable","14":"product-type-variable","15":"has-default-attributes"},"_links":{"self":[{"href":"https:\/\/esentevibrationale.com\/index.php?rest_route=\/wp\/v2\/product\/2660","targetHints":{"allow":["GET"]}}],"collection":[{"href":"https:\/\/esentevibrationale.com\/index.php?rest_route=\/wp\/v2\/product"}],"about":[{"href":"https:\/\/esentevibrationale.com\/index.php?rest_route=\/wp\/v2\/types\/product"}],"wp:featuredmedia":[{"embeddable":true,"href":"https:\/\/esentevibrationale.com\/index.php?rest_route=\/wp\/v2\/media\/2662"}],"wp:attachment":[{"href":"https:\/\/esentevibrationale.com\/index.php?rest_route=%2Fwp%2Fv2%2Fmedia&parent=2660"}],"wp:term":[{"taxonomy":"product_brand","embeddable":true,"href":"https:\/\/esentevibrationale.com\/index.php?rest_route=%2Fwp%2Fv2%2Fproduct_brand&post=2660"},{"taxonomy":"product_cat","embeddable":true,"href":"https:\/\/esentevibrationale.com\/index.php?rest_route=%2Fwp%2Fv2%2Fproduct_cat&post=2660"},{"taxonomy":"product_tag","embeddable":true,"href":"https:\/\/esentevibrationale.com\/index.php?rest_route=%2Fwp%2Fv2%2Fproduct_tag&post=2660"}],"curies":[{"name":"wp","href":"https:\/\/api.w.org\/{rel}","templated":true}]}}