{"id":2666,"date":"2018-11-24T11:15:44","date_gmt":"2018-11-24T10:15:44","guid":{"rendered":"https:\/\/phiessences.com\/Romania\/?post_type=product&#038;p=2666"},"modified":"2026-01-01T18:31:42","modified_gmt":"2026-01-01T16:31:42","slug":"angel-fish","status":"publish","type":"product","link":"https:\/\/esentevibrationale.com\/?product=angel-fish","title":{"rendered":"Angel Fish \/ Pe\u015ftele \u020anger"},"content":{"rendered":"<p><strong>(Pygoplites diacanthus)<\/strong><\/p>\n<p>Esen\u0163a sus\u0163ine comunicarea \u015fi sentimentul de comuniune. Emo\u0163ional ne ajut\u0103 \u00een timpuri \u00eentunecate atunci c\u00e2nd ne sim\u0163im singuri, elimin\u0103 g\u00e2ndurile negative \u015fi favorizeaz\u0103 bucuria interioar\u0103. Esen\u0163a promoveaz\u0103 familia \u015fi dinamica\u00a0 grupului.<\/p>\n","protected":false},"excerpt":{"rendered":"<p>(Pygoplites diacanthus) Esen\u0163a sus\u0163ine comunicarea \u015fi sentimentul de comuniune. Emo\u0163ional ne ajut\u0103 \u00een timpuri \u00eentunecate atunci c\u00e2nd ne sim\u0163im singuri, elimin\u0103 g\u00e2ndurile negative \u015fi favorizeaz\u0103 bucuria interioar\u0103. Esen\u0163a promoveaz\u0103 familia \u015fi dinamica\u00a0 grupului.<\/p>\n","protected":false},"featured_media":2683,"template":"","meta":[],"product_brand":[],"product_cat":[43],"product_tag":[],"class_list":{"0":"post-2666","1":"product","2":"type-product","3":"status-publish","4":"has-post-thumbnail","6":"product_cat-esente-marine","7":"pa_size-15ml","8":"pa_size-30ml","10":"first","11":"instock","12":"shipping-taxable","13":"purchasable","14":"product-type-variable","15":"has-default-attributes"},"_links":{"self":[{"href":"https:\/\/esentevibrationale.com\/index.php?rest_route=\/wp\/v2\/product\/2666","targetHints":{"allow":["GET"]}}],"collection":[{"href":"https:\/\/esentevibrationale.com\/index.php?rest_route=\/wp\/v2\/product"}],"about":[{"href":"https:\/\/esentevibrationale.com\/index.php?rest_route=\/wp\/v2\/types\/product"}],"wp:featuredmedia":[{"embeddable":true,"href":"https:\/\/esentevibrationale.com\/index.php?rest_route=\/wp\/v2\/media\/2683"}],"wp:attachment":[{"href":"https:\/\/esentevibrationale.com\/index.php?rest_route=%2Fwp%2Fv2%2Fmedia&parent=2666"}],"wp:term":[{"taxonomy":"product_brand","embeddable":true,"href":"https:\/\/esentevibrationale.com\/index.php?rest_route=%2Fwp%2Fv2%2Fproduct_brand&post=2666"},{"taxonomy":"product_cat","embeddable":true,"href":"https:\/\/esentevibrationale.com\/index.php?rest_route=%2Fwp%2Fv2%2Fproduct_cat&post=2666"},{"taxonomy":"product_tag","embeddable":true,"href":"https:\/\/esentevibrationale.com\/index.php?rest_route=%2Fwp%2Fv2%2Fproduct_tag&post=2666"}],"curies":[{"name":"wp","href":"https:\/\/api.w.org\/{rel}","templated":true}]}}