{"id":2667,"date":"2018-11-24T12:00:12","date_gmt":"2018-11-24T11:00:12","guid":{"rendered":"https:\/\/phiessences.com\/Romania\/?post_type=product&#038;p=2667"},"modified":"2026-01-01T18:57:04","modified_gmt":"2026-01-01T16:57:04","slug":"soft-coral-coral-moale","status":"publish","type":"product","link":"https:\/\/esentevibrationale.com\/?product=soft-coral-coral-moale","title":{"rendered":"Soft Coral \/ Coral Moale"},"content":{"rendered":"<p><strong>(Sarcophyton)<\/strong><\/p>\n<p>Aspectul acestui coral este \u00eentr-un fel\u00a0\u00een care reaminte\u015fte de forma ciupercilor mici \u00een o colonie cnidaria. Esen\u0163a are un efect de regenerare puternic al pielii \u015fi promoveaz\u0103 structurarea for\u0163ei. Dup\u0103 o arsur\u0103 ac\u0163ioneaz\u0103 energetic uniformizarea, \u00eent\u0103re\u015fte procesele de vitalizare \u015fi regenerare. Emo\u0163ional ajut\u0103 persoanele c\u00e2nd se simt puternic violate, s\u0103 \u00eent\u00e2lneasc\u0103 \u015fi s\u0103 dezvolte un \u00a0nou Har social.<\/p>\n","protected":false},"excerpt":{"rendered":"<p>(Sarcophyton) Aspectul acestui coral este \u00eentr-un fel\u00a0\u00een care reaminte\u015fte de forma ciupercilor mici \u00een o colonie cnidaria. Esen\u0163a are un efect de regenerare puternic al pielii \u015fi promoveaz\u0103 structurarea for\u0163ei. Dup\u0103 o arsur\u0103 ac\u0163ioneaz\u0103 energetic uniformizarea, \u00eent\u0103re\u015fte procesele de vitalizare \u015fi regenerare. Emo\u0163ional ajut\u0103 persoanele c\u00e2nd se simt puternic violate, s\u0103 \u00eent\u00e2lneasc\u0103 \u015fi s\u0103 dezvolte &hellip; <a href=\"https:\/\/esentevibrationale.com\/?product=soft-coral-coral-moale\" class=\"more-link\">Continu\u0103 lectura <span class=\"screen-reader-text\">Soft Coral \/ Coral Moale<\/span> <span class=\"meta-nav\">&rarr;<\/span><\/a><\/p>\n","protected":false},"featured_media":2670,"template":"","meta":[],"product_brand":[],"product_cat":[43],"product_tag":[],"class_list":{"0":"post-2667","1":"product","2":"type-product","3":"status-publish","4":"has-post-thumbnail","6":"product_cat-esente-marine","7":"pa_size-15ml","8":"pa_size-30ml","10":"first","11":"instock","12":"shipping-taxable","13":"purchasable","14":"product-type-variable","15":"has-default-attributes"},"_links":{"self":[{"href":"https:\/\/esentevibrationale.com\/index.php?rest_route=\/wp\/v2\/product\/2667","targetHints":{"allow":["GET"]}}],"collection":[{"href":"https:\/\/esentevibrationale.com\/index.php?rest_route=\/wp\/v2\/product"}],"about":[{"href":"https:\/\/esentevibrationale.com\/index.php?rest_route=\/wp\/v2\/types\/product"}],"wp:featuredmedia":[{"embeddable":true,"href":"https:\/\/esentevibrationale.com\/index.php?rest_route=\/wp\/v2\/media\/2670"}],"wp:attachment":[{"href":"https:\/\/esentevibrationale.com\/index.php?rest_route=%2Fwp%2Fv2%2Fmedia&parent=2667"}],"wp:term":[{"taxonomy":"product_brand","embeddable":true,"href":"https:\/\/esentevibrationale.com\/index.php?rest_route=%2Fwp%2Fv2%2Fproduct_brand&post=2667"},{"taxonomy":"product_cat","embeddable":true,"href":"https:\/\/esentevibrationale.com\/index.php?rest_route=%2Fwp%2Fv2%2Fproduct_cat&post=2667"},{"taxonomy":"product_tag","embeddable":true,"href":"https:\/\/esentevibrationale.com\/index.php?rest_route=%2Fwp%2Fv2%2Fproduct_tag&post=2667"}],"curies":[{"name":"wp","href":"https:\/\/api.w.org\/{rel}","templated":true}]}}