{"id":2671,"date":"2018-11-24T12:20:35","date_gmt":"2018-11-24T11:20:35","guid":{"rendered":"https:\/\/phiessences.com\/Romania\/?post_type=product&#038;p=2671"},"modified":"2026-01-01T18:47:08","modified_gmt":"2026-01-01T16:47:08","slug":"giant-clam-scoica-uriasa","status":"publish","type":"product","link":"https:\/\/esentevibrationale.com\/?product=giant-clam-scoica-uriasa","title":{"rendered":"Giant Clam \/ Scoica Uria\u015f\u0103"},"content":{"rendered":"<p><strong>(Tridacna maxima)<\/strong><\/p>\n<p>La fel ca \u015fi scoica care filtreaz\u0103 apa prin deschiderea \u015fi \u00eenchiderea sa, esen\u0163a ac\u0163ioneaz\u0103 energetic asupra func\u0163iile valvelor inimii, ajut\u0103 la cura\u0163area toxinelor \u015fi stimuleaz\u0103 eliminarea linfei \u015fi urinei. Emo\u0163ional ne \u00eent\u0103re\u015fte, ne sprijin\u0103 s\u0103 vedem ce este bun \u015fi ce nu este bun pentru noi, ne ajut\u0103 s\u0103 fim deschi\u015fi pentru lucruri noi \u00een rela\u0163ii \u015fi ne arat\u0103 cand e necesar s\u0103 ne \u00eenchidem.<\/p>\n","protected":false},"excerpt":{"rendered":"<p>(Tridacna maxima) La fel ca \u015fi scoica care filtreaz\u0103 apa prin deschiderea \u015fi \u00eenchiderea sa, esen\u0163a ac\u0163ioneaz\u0103 energetic asupra func\u0163iile valvelor inimii, ajut\u0103 la cura\u0163area toxinelor \u015fi stimuleaz\u0103 eliminarea linfei \u015fi urinei. Emo\u0163ional ne \u00eent\u0103re\u015fte, ne sprijin\u0103 s\u0103 vedem ce este bun \u015fi ce nu este bun pentru noi, ne ajut\u0103 s\u0103 fim deschi\u015fi pentru &hellip; <a href=\"https:\/\/esentevibrationale.com\/?product=giant-clam-scoica-uriasa\" class=\"more-link\">Continu\u0103 lectura <span class=\"screen-reader-text\">Giant Clam \/ Scoica Uria\u015f\u0103<\/span> <span class=\"meta-nav\">&rarr;<\/span><\/a><\/p>\n","protected":false},"featured_media":2674,"template":"","meta":[],"product_brand":[],"product_cat":[43],"product_tag":[],"class_list":{"0":"post-2671","1":"product","2":"type-product","3":"status-publish","4":"has-post-thumbnail","6":"product_cat-esente-marine","7":"pa_size-15ml","8":"pa_size-30ml","10":"first","11":"instock","12":"shipping-taxable","13":"purchasable","14":"product-type-variable","15":"has-default-attributes"},"_links":{"self":[{"href":"https:\/\/esentevibrationale.com\/index.php?rest_route=\/wp\/v2\/product\/2671","targetHints":{"allow":["GET"]}}],"collection":[{"href":"https:\/\/esentevibrationale.com\/index.php?rest_route=\/wp\/v2\/product"}],"about":[{"href":"https:\/\/esentevibrationale.com\/index.php?rest_route=\/wp\/v2\/types\/product"}],"wp:featuredmedia":[{"embeddable":true,"href":"https:\/\/esentevibrationale.com\/index.php?rest_route=\/wp\/v2\/media\/2674"}],"wp:attachment":[{"href":"https:\/\/esentevibrationale.com\/index.php?rest_route=%2Fwp%2Fv2%2Fmedia&parent=2671"}],"wp:term":[{"taxonomy":"product_brand","embeddable":true,"href":"https:\/\/esentevibrationale.com\/index.php?rest_route=%2Fwp%2Fv2%2Fproduct_brand&post=2671"},{"taxonomy":"product_cat","embeddable":true,"href":"https:\/\/esentevibrationale.com\/index.php?rest_route=%2Fwp%2Fv2%2Fproduct_cat&post=2671"},{"taxonomy":"product_tag","embeddable":true,"href":"https:\/\/esentevibrationale.com\/index.php?rest_route=%2Fwp%2Fv2%2Fproduct_tag&post=2671"}],"curies":[{"name":"wp","href":"https:\/\/api.w.org\/{rel}","templated":true}]}}